{"id":6,"date":"2023-08-13T18:11:13","date_gmt":"2023-08-13T16:11:13","guid":{"rendered":"http:\/\/localhost\/KidsTheme\/?page_id=3"},"modified":"2026-01-17T01:20:34","modified_gmt":"2026-01-17T00:20:34","slug":"politique-de-confidentialite-2","status":"publish","type":"page","link":"https:\/\/seoed.org\/index.php\/politique-de-confidentialite-2\/","title":{"rendered":"Mentions l\u00e9gales"},"content":{"rendered":"\t\t<div data-elementor-type=\"wp-page\" data-elementor-id=\"6\" class=\"elementor elementor-6\">\n\t\t\t\t\t\t\t\t\t<section class=\"elementor-section elementor-top-section elementor-element elementor-element-6e776d9 elementor-section-boxed elementor-section-height-default elementor-section-height-default\" data-id=\"6e776d9\" data-element_type=\"section\">\n\t\t\t\t\t\t<div class=\"elementor-container elementor-column-gap-default\">\n\t\t\t\t\t<div class=\"elementor-column elementor-col-100 elementor-top-column elementor-element elementor-element-2e33bfa\" data-id=\"2e33bfa\" data-element_type=\"column\">\n\t\t\t<div class=\"elementor-widget-wrap elementor-element-populated\">\n\t\t\t\t\t\t\t\t<div class=\"elementor-element elementor-element-2bf06de elementor-widget elementor-widget-heading\" data-id=\"2bf06de\" data-element_type=\"widget\" data-widget_type=\"heading.default\">\n\t\t\t\t<div class=\"elementor-widget-container\">\n\t\t\t<style>\/*! elementor - v3.15.0 - 09-08-2023 *\/\n.elementor-heading-title{padding:0;margin:0;line-height:1}.elementor-widget-heading .elementor-heading-title[class*=elementor-size-]>a{color:inherit;font-size:inherit;line-height:inherit}.elementor-widget-heading .elementor-heading-title.elementor-size-small{font-size:15px}.elementor-widget-heading .elementor-heading-title.elementor-size-medium{font-size:19px}.elementor-widget-heading .elementor-heading-title.elementor-size-large{font-size:29px}.elementor-widget-heading .elementor-heading-title.elementor-size-xl{font-size:39px}.elementor-widget-heading .elementor-heading-title.elementor-size-xxl{font-size:59px}<\/style><h2 class=\"elementor-heading-title elementor-size-default\">Mentions l\u00e9gales<\/h2>\t\t<\/div>\n\t\t\t\t<\/div>\n\t\t\t\t\t<\/div>\n\t\t<\/div>\n\t\t\t\t\t\t\t<\/div>\n\t\t<\/section>\n\t\t\t\t<section class=\"elementor-section elementor-top-section elementor-element elementor-element-10e5483f elementor-section-boxed elementor-section-height-default elementor-section-height-default\" data-id=\"10e5483f\" data-element_type=\"section\">\n\t\t\t\t\t\t<div class=\"elementor-container elementor-column-gap-default\">\n\t\t\t\t\t<div class=\"elementor-column elementor-col-100 elementor-top-column elementor-element elementor-element-6bb42b35\" data-id=\"6bb42b35\" data-element_type=\"column\">\n\t\t\t<div class=\"elementor-widget-wrap elementor-element-populated\">\n\t\t\t\t\t\t\t\t<div class=\"elementor-element elementor-element-1fa5597c elementor-widget elementor-widget-text-editor\" data-id=\"1fa5597c\" data-element_type=\"widget\" data-widget_type=\"text-editor.default\">\n\t\t\t\t<div class=\"elementor-widget-container\">\n\t\t\t<style>\/*! elementor - v3.15.0 - 09-08-2023 *\/\n.elementor-widget-text-editor.elementor-drop-cap-view-stacked .elementor-drop-cap{background-color:#69727d;color:#fff}.elementor-widget-text-editor.elementor-drop-cap-view-framed .elementor-drop-cap{color:#69727d;border:3px solid;background-color:transparent}.elementor-widget-text-editor:not(.elementor-drop-cap-view-default) .elementor-drop-cap{margin-top:8px}.elementor-widget-text-editor:not(.elementor-drop-cap-view-default) .elementor-drop-cap-letter{width:1em;height:1em}.elementor-widget-text-editor .elementor-drop-cap{float:left;text-align:center;line-height:1;font-size:50px}.elementor-widget-text-editor .elementor-drop-cap-letter{display:inline-block}<\/style>\t\t\t\t<p>Nom de l\u2019association : \u00ab\u00a0Solidarit\u00e9 entraide aux orphelins et aux enfants en d\u00e9tresse\u00a0\u00bb<br \/>Sigle : SEODED<br \/>Si\u00e8ge social : 19, Square Saint Charles, 75012 PARIS<br \/><br \/>Date de cr\u00e9ation : janvier 2023<\/p>\n<p>Responsables de la publication :<br \/>Nom : P\u00e9lagie Wilfinger<br \/>Fonction : Pr\u00e9sidente<\/p>\n<p>Protection des donn\u00e9es personnelles :<br \/>Conform\u00e9ment \u00e0 la loi n\u00b0 78-17 du 6 janvier 1978 relative \u00e0 l\u2019informatique, aux fichiers et aux libert\u00e9s, l\u2019association \u00ab\u00a0Solidarit\u00e9 entraide aux orphelins et aux enfants en d\u00e9tresse\u00a0\u00bb s\u2019engage \u00e0 prot\u00e9ger les donn\u00e9es personnelles collect\u00e9es sur son site web. Ces donn\u00e9es ne seront utilis\u00e9es que dans le cadre des activit\u00e9s de l\u2019association et ne seront en aucun cas transmises \u00e0 des tiers sans l\u2019autorisation pr\u00e9alable de l\u2019utilisateur.<\/p>\n<p>Droits d\u2019auteur :<br \/>Tous les contenus pr\u00e9sents sur le site web de l\u2019association \u00ab\u00a0Solidarit\u00e9 entraide aux orphelins et aux enfants en d\u00e9tresse\u00a0\u00bb sont prot\u00e9g\u00e9s par le droit d\u2019auteur. Toute reproduction, m\u00eame partielle, est strictement interdite sans l\u2019autorisation pr\u00e9alable de l\u2019association.<\/p>\n<p>Liens hypertextes :<br \/>Le site web de l\u2019association \u00ab\u00a0Solidarit\u00e9 entraide aux orphelins et aux enfants en d\u00e9tresse\u00a0\u00bb peut contenir des liens hypertextes vers d\u2019autres sites internet. Cependant, l\u2019association n\u2019exerce aucun contr\u00f4le sur le contenu de ces sites et d\u00e9cline toute responsabilit\u00e9 quant \u00e0 leur contenu.<\/p>\n<p>Cr\u00e9dits photos :<br \/>Les photos pr\u00e9sentes sur le site web de l\u2019association \u00ab\u00a0Solidarit\u00e9 entraide aux orphelins et aux enfants en d\u00e9tresse\u00a0\u00bb sont utilis\u00e9es avec l\u2019autorisation des personnes concern\u00e9es. Toute reproduction, m\u00eame partielle, des photos est strictement interdite sans l\u2019autorisation pr\u00e9alable de l\u2019association.<\/p>\n<p>Contact :<br \/>Pour toute demande d\u2019information ou de contact, veuillez utiliser les coordonn\u00e9es suivantes :<\/p>\n<ul>\n<li>Adresse : 19, Square Saint Charles, 75012 PARIS<\/li>\n<li>T\u00e9l\u00e9phone : +229 55 47 59 59<\/li>\n<\/ul>\n<p>Nous vous remercions de votre visite sur notre site web et de votre soutien \u00e0 l\u2019association \u00ab\u00a0Solidarit\u00e9 entraide aux orphelins et aux enfants en d\u00e9tresse\u00a0\u00bb.<\/p>\n<h2><span style=\"font-size: 16px; font-family: Montserrat, Arial, sans-serif;\">v\u00e9rifi\u00e9s \u00e0 l\u2019aide d\u2019un service automatis\u00e9 de d\u00e9tection des commentaires ind\u00e9sirables.<\/span><\/h2>\n<p><!-- \/wp:paragraph --><\/p>\t\t\t\t\t\t<\/div>\n\t\t\t\t<\/div>\n\t\t\t\t\t<\/div>\n\t\t<\/div>\n\t\t\t\t\t\t\t<\/div>\n\t\t<\/section>\n\t\t\t\t\t\t\t<\/div>\n\t\t","protected":false},"excerpt":{"rendered":"<p>Mentions l\u00e9gales Nom de l\u2019association : \u00ab\u00a0Solidarit\u00e9 entraide aux orphelins et aux enfants en d\u00e9tresse\u00a0\u00bbSigle : SEODEDSi\u00e8ge social : 19, Square Saint Charles, 75012 PARIS Date de cr\u00e9ation : janvier [&hellip;]<\/p>\n","protected":false},"author":2,"featured_media":0,"parent":0,"menu_order":0,"comment_status":"closed","ping_status":"open","template":"","meta":{"content-type":"","footnotes":""},"class_list":["post-6","page","type-page","status-publish","hentry"],"_links":{"self":[{"href":"https:\/\/seoed.org\/index.php\/wp-json\/wp\/v2\/pages\/6","targetHints":{"allow":["GET"]}}],"collection":[{"href":"https:\/\/seoed.org\/index.php\/wp-json\/wp\/v2\/pages"}],"about":[{"href":"https:\/\/seoed.org\/index.php\/wp-json\/wp\/v2\/types\/page"}],"author":[{"embeddable":true,"href":"https:\/\/seoed.org\/index.php\/wp-json\/wp\/v2\/users\/2"}],"replies":[{"embeddable":true,"href":"https:\/\/seoed.org\/index.php\/wp-json\/wp\/v2\/comments?post=6"}],"version-history":[{"count":9,"href":"https:\/\/seoed.org\/index.php\/wp-json\/wp\/v2\/pages\/6\/revisions"}],"predecessor-version":[{"id":5183,"href":"https:\/\/seoed.org\/index.php\/wp-json\/wp\/v2\/pages\/6\/revisions\/5183"}],"wp:attachment":[{"href":"https:\/\/seoed.org\/index.php\/wp-json\/wp\/v2\/media?parent=6"}],"curies":[{"name":"wp","href":"https:\/\/api.w.org\/{rel}","templated":true}]}}