{"id":5126,"date":"2026-01-15T00:18:51","date_gmt":"2026-01-14T23:18:51","guid":{"rendered":"https:\/\/seoed.org\/?page_id=5126"},"modified":"2026-02-14T15:49:34","modified_gmt":"2026-02-14T14:49:34","slug":"soeursfreresduboutdelaterre","status":"publish","type":"page","link":"https:\/\/seoed.org\/index.php\/soeursfreresduboutdelaterre\/","title":{"rendered":"Soeurs et Fr\u00e8res du bout de la Terre"},"content":{"rendered":"\t\t<div data-elementor-type=\"wp-page\" data-elementor-id=\"5126\" class=\"elementor elementor-5126\">\n\t\t\t\t\t\t\t\t\t<section class=\"elementor-section elementor-top-section elementor-element elementor-element-de2401b elementor-section-boxed elementor-section-height-default elementor-section-height-default\" data-id=\"de2401b\" data-element_type=\"section\">\n\t\t\t\t\t\t<div class=\"elementor-container elementor-column-gap-default\">\n\t\t\t\t\t<div class=\"elementor-column elementor-col-100 elementor-top-column elementor-element elementor-element-5b9097d\" data-id=\"5b9097d\" data-element_type=\"column\">\n\t\t\t<div class=\"elementor-widget-wrap elementor-element-populated\">\n\t\t\t\t\t\t\t\t<div class=\"elementor-element elementor-element-413eea3 elementor-widget elementor-widget-text-editor\" data-id=\"413eea3\" data-element_type=\"widget\" data-widget_type=\"text-editor.default\">\n\t\t\t\t<div class=\"elementor-widget-container\">\n\t\t\t<style>\/*! elementor - v3.15.0 - 09-08-2023 *\/\n.elementor-widget-text-editor.elementor-drop-cap-view-stacked .elementor-drop-cap{background-color:#69727d;color:#fff}.elementor-widget-text-editor.elementor-drop-cap-view-framed .elementor-drop-cap{color:#69727d;border:3px solid;background-color:transparent}.elementor-widget-text-editor:not(.elementor-drop-cap-view-default) .elementor-drop-cap{margin-top:8px}.elementor-widget-text-editor:not(.elementor-drop-cap-view-default) .elementor-drop-cap-letter{width:1em;height:1em}.elementor-widget-text-editor .elementor-drop-cap{float:left;text-align:center;line-height:1;font-size:50px}.elementor-widget-text-editor .elementor-drop-cap-letter{display:inline-block}<\/style>\t\t\t\t<h1><b>S\u0153urs &amp; Fr\u00e8res du bout de la Terre &#8211;\u00a0 1\u00e8re Edition<\/b><\/h1><p><span style=\"font-weight: 400;\">\u00c0 l\u2019automne 2025, l\u2019association SEOED a lanc\u00e9 avec l&#8217;aide et le soutien de l&#8217;\u00e9cole P. le projet \u00ab S\u0153urs &amp; Fr\u00e8res du bout de la Terre \u00bb. Un projet solidaire et p\u00e9dagogique reliant des \u00e9l\u00e8ves d\u2019une \u00e9cole fran\u00e7aise \u00e0 des enfants d\u2019une \u00e9cole et de plusieurs orphelinats b\u00e9ninois, \u00e0 travers l\u2019\u00e9criture de lettres et l\u2019envoi de bo\u00eetes de No\u00ebl.<\/span><\/p><ul><li><span style=\"font-weight: 400;\">Ce projet avait un triple objectif :<\/span><span style=\"font-weight: 400;\"><br \/><\/span><span style=\"font-weight: 400;\">&#8211; offrir un No\u00ebl un peu plus doux \u00e0 des enfants en situation pr\u00e9caire au B\u00e9nin,<\/span><span style=\"font-weight: 400;\"><br \/><\/span><span style=\"font-weight: 400;\">&#8211; permettre \u00e0 des \u00e9l\u00e8ves en France de vivre une exp\u00e9rience concr\u00e8te de partage, de solidarit\u00e9 et de fraternit\u00e9.<\/span><\/li><\/ul><p>&#8211; Permettre un \u00e9change entre enfants de cultures diff\u00e9rentes<\/p><h2><b>Un \u00e9change de c\u0153ur \u00e0 c\u0153ur entre enfants<\/b><\/h2><p><span style=\"font-weight: 400;\">Chaque \u00e9l\u00e8ve fran\u00e7ais participant s\u2019est vu confier le pr\u00e9nom de son fr\u00e8re ou de sa s\u0153ur au B\u00e9nin.<\/span><span style=\"font-weight: 400;\"><br \/><\/span><span style=\"font-weight: 400;\">Ils ont ensuite pr\u00e9par\u00e9 :<\/span><\/p><ul><li style=\"font-weight: 400;\" aria-level=\"1\"><span style=\"font-weight: 400;\">une lettre personnelle,<\/span><\/li><li style=\"font-weight: 400;\" aria-level=\"1\"><span style=\"font-weight: 400;\">une bo\u00eete \u00e0 chaussures contenant un cadeau choisi avec soin.<\/span><\/li><\/ul><p><span style=\"font-weight: 400;\">Les cadeaux n\u2019avaient pas besoin d\u2019\u00eatre neufs. Les \u00e9l\u00e8ves pouvaient mettre dans leur bo\u00eete un objet d\u00e9j\u00e0 aim\u00e9, afin de lui donner une seconde vie, dans un esprit de transmission.<\/span><\/p><h2><b>Les classes participantes<\/b><\/h2><p><span style=\"font-weight: 400;\">Pour favoriser un \u00e9change adapt\u00e9 \u00e0 l\u2019\u00e2ge des enfants, le projet a \u00e9t\u00e9 organis\u00e9 ainsi :<\/span><\/p><ul><li style=\"font-weight: 400;\" aria-level=\"1\"><span style=\"font-weight: 400;\">\u00c9l\u00e8ves de CE2 \u2192 correspondants en CP \/ CE1 au B\u00e9nin<\/span><\/li><li style=\"font-weight: 400;\" aria-level=\"1\"><span style=\"font-weight: 400;\">\u00c9l\u00e8ves de CM2 \u2192 correspondants en CE2 \/ CM2 au B\u00e9nin<\/span><\/li><\/ul><p><span style=\"font-weight: 400;\">Les enseignantes ont accompagn\u00e9 les \u00e9l\u00e8ves tout au long du projet, notamment pour la relecture des lettres et le respect de la protection des donn\u00e9es personnelles.<\/span><\/p><h2><b>Les grandes \u00e9tapes du projet<\/b><\/h2><p><em><strong>Septembre<\/strong><\/em><\/p><ul><li style=\"font-weight: 400;\" aria-level=\"1\"><span style=\"font-weight: 400;\">Pr\u00e9sentation du projet aux \u00e9quipes enseignantes et aux familles<\/span><\/li><li style=\"font-weight: 400;\" aria-level=\"1\"><span style=\"font-weight: 400;\">Recueil des accords de participation<\/span><\/li><\/ul><p><em><strong>Octobre<\/strong><\/em><\/p><ul><li style=\"font-weight: 400;\" aria-level=\"1\"><span style=\"font-weight: 400;\">Attribution des correspondants<\/span><\/li><li style=\"font-weight: 400;\" aria-level=\"1\"><span style=\"font-weight: 400;\">R\u00e9daction et relecture des lettres en classe<\/span><\/li><\/ul><p><em><strong>D\u00e9but novembre<\/strong><\/em><\/p><ul><li style=\"font-weight: 400;\" aria-level=\"1\"><span style=\"font-weight: 400;\">Collecte des bo\u00eetes de No\u00ebl, et en bonus de manuels scolaires donn\u00e9s par l\u2019\u00e9cole<\/span><\/li><li style=\"font-weight: 400;\" aria-level=\"1\"><span style=\"font-weight: 400;\">Regroupement et pr\u00e9paration des cartons<\/span><\/li><\/ul><p><span style=\"font-weight: 400;\"><img loading=\"lazy\" decoding=\"async\" class=\"wp-image-5127 aligncenter\" src=\"https:\/\/seoed.org\/wp-content\/uploads\/2026\/01\/34dbe3a7-23c1-4efc-a53a-953eca2a2f3c-640x747.jpg\" alt=\"\" width=\"167\" height=\"195\" srcset=\"https:\/\/seoed.org\/wp-content\/uploads\/2026\/01\/34dbe3a7-23c1-4efc-a53a-953eca2a2f3c-640x747.jpg 640w, https:\/\/seoed.org\/wp-content\/uploads\/2026\/01\/34dbe3a7-23c1-4efc-a53a-953eca2a2f3c-1280x1493.jpg 1280w, https:\/\/seoed.org\/wp-content\/uploads\/2026\/01\/34dbe3a7-23c1-4efc-a53a-953eca2a2f3c-1024x1194.jpg 1024w, https:\/\/seoed.org\/wp-content\/uploads\/2026\/01\/34dbe3a7-23c1-4efc-a53a-953eca2a2f3c-1317x1536.jpg 1317w, https:\/\/seoed.org\/wp-content\/uploads\/2026\/01\/34dbe3a7-23c1-4efc-a53a-953eca2a2f3c-320x373.jpg 320w, https:\/\/seoed.org\/wp-content\/uploads\/2026\/01\/34dbe3a7-23c1-4efc-a53a-953eca2a2f3c.jpg 1442w\" sizes=\"auto, (max-width: 167px) 100vw, 167px\" \/><\/span><\/p><p><em><strong>Mi-novembre<\/strong><\/em><\/p><ul><li style=\"font-weight: 400;\" aria-level=\"1\"><span style=\"font-weight: 400;\">D\u00e9part des colis par bateau vers le B\u00e9nin<\/span><\/li><\/ul><p><img loading=\"lazy\" decoding=\"async\" class=\"wp-image-5128 aligncenter\" src=\"https:\/\/seoed.org\/wp-content\/uploads\/2026\/01\/48a2c0dc-0171-4632-ba7d-5495a9677044-640x853.jpg\" alt=\"\" width=\"142\" height=\"189\" srcset=\"https:\/\/seoed.org\/wp-content\/uploads\/2026\/01\/48a2c0dc-0171-4632-ba7d-5495a9677044-640x853.jpg 640w, https:\/\/seoed.org\/wp-content\/uploads\/2026\/01\/48a2c0dc-0171-4632-ba7d-5495a9677044-1280x1707.jpg 1280w, https:\/\/seoed.org\/wp-content\/uploads\/2026\/01\/48a2c0dc-0171-4632-ba7d-5495a9677044-1024x1365.jpg 1024w, https:\/\/seoed.org\/wp-content\/uploads\/2026\/01\/48a2c0dc-0171-4632-ba7d-5495a9677044-1152x1536.jpg 1152w, https:\/\/seoed.org\/wp-content\/uploads\/2026\/01\/48a2c0dc-0171-4632-ba7d-5495a9677044-320x427.jpg 320w, https:\/\/seoed.org\/wp-content\/uploads\/2026\/01\/48a2c0dc-0171-4632-ba7d-5495a9677044.jpg 1536w\" sizes=\"auto, (max-width: 142px) 100vw, 142px\" \/><\/p><p><em><strong>D\u00e9cembre<\/strong><\/em><\/p><ul><li style=\"font-weight: 400;\" aria-level=\"1\"><span style=\"font-weight: 400;\">Acheminement maritime<\/span><\/li><li style=\"font-weight: 400;\" aria-level=\"1\"><span style=\"font-weight: 400;\">Passage en douane<\/span><\/li><li style=\"font-weight: 400;\" aria-level=\"1\"><span style=\"font-weight: 400;\">Transport jusqu\u2019\u00e0 Cotonou<\/span><\/li><\/ul><p><strong><em>Janvier<\/em><\/strong><\/p><ul><li style=\"font-weight: 400;\" aria-level=\"1\"><span style=\"font-weight: 400;\">D\u00e9part de Cotonou et distribution des cadeaux aux enfants dans les diff\u00e9rents \u00e9tablissements *<\/span><\/li><\/ul><p><img loading=\"lazy\" decoding=\"async\" class=\"wp-image-5129 aligncenter\" src=\"https:\/\/seoed.org\/wp-content\/uploads\/2026\/01\/61d48102-53f6-46b8-8306-e72d59d8380c-640x311.jpg\" alt=\"\" width=\"355\" height=\"172\" srcset=\"https:\/\/seoed.org\/wp-content\/uploads\/2026\/01\/61d48102-53f6-46b8-8306-e72d59d8380c-640x311.jpg 640w, https:\/\/seoed.org\/wp-content\/uploads\/2026\/01\/61d48102-53f6-46b8-8306-e72d59d8380c-1024x498.jpg 1024w, https:\/\/seoed.org\/wp-content\/uploads\/2026\/01\/61d48102-53f6-46b8-8306-e72d59d8380c-320x156.jpg 320w, https:\/\/seoed.org\/wp-content\/uploads\/2026\/01\/61d48102-53f6-46b8-8306-e72d59d8380c.jpg 1273w\" sizes=\"auto, (max-width: 355px) 100vw, 355px\" \/> \u00a0 <img loading=\"lazy\" decoding=\"async\" class=\"wp-image-5131 aligncenter\" src=\"https:\/\/seoed.org\/wp-content\/uploads\/2026\/01\/8292eb1c-1ea6-4d1b-a85b-94377802d941-640x359.jpg\" alt=\"\" width=\"309\" height=\"173\" srcset=\"https:\/\/seoed.org\/wp-content\/uploads\/2026\/01\/8292eb1c-1ea6-4d1b-a85b-94377802d941-640x359.jpg 640w, https:\/\/seoed.org\/wp-content\/uploads\/2026\/01\/8292eb1c-1ea6-4d1b-a85b-94377802d941-1024x575.jpg 1024w, https:\/\/seoed.org\/wp-content\/uploads\/2026\/01\/8292eb1c-1ea6-4d1b-a85b-94377802d941-320x180.jpg 320w, https:\/\/seoed.org\/wp-content\/uploads\/2026\/01\/8292eb1c-1ea6-4d1b-a85b-94377802d941.jpg 1080w\" sizes=\"auto, (max-width: 309px) 100vw, 309px\" \/><\/p><p><strong><em>F\u00e9vrier<\/em><\/strong><\/p><ul><li>Arriv\u00e9e des lettres retour du B\u00e9nin\u00a0 \u00a0 \u00a0 \u00a0 \u00a0 \u00a0 \u00a0 \u00a0 \u00a0 \u00a0 \u00a0 \u00a0 \u00a0<\/li><\/ul><p>\u00a0<img loading=\"lazy\" decoding=\"async\" class=\"wp-image-5187 aligncenter\" src=\"https:\/\/seoed.org\/wp-content\/uploads\/2026\/02\/eb0e69df-f8ad-4c26-be7d-201f8238bb3b-640x537.jpg\" alt=\"\" width=\"187\" height=\"157\" srcset=\"https:\/\/seoed.org\/wp-content\/uploads\/2026\/02\/eb0e69df-f8ad-4c26-be7d-201f8238bb3b-640x537.jpg 640w, https:\/\/seoed.org\/wp-content\/uploads\/2026\/02\/eb0e69df-f8ad-4c26-be7d-201f8238bb3b-1280x1074.jpg 1280w, https:\/\/seoed.org\/wp-content\/uploads\/2026\/02\/eb0e69df-f8ad-4c26-be7d-201f8238bb3b-1024x859.jpg 1024w, https:\/\/seoed.org\/wp-content\/uploads\/2026\/02\/eb0e69df-f8ad-4c26-be7d-201f8238bb3b-320x268.jpg 320w, https:\/\/seoed.org\/wp-content\/uploads\/2026\/02\/eb0e69df-f8ad-4c26-be7d-201f8238bb3b.jpg 1397w\" sizes=\"auto, (max-width: 187px) 100vw, 187px\" \/><\/p><h2><b>Un projet rendu possible gr\u00e2ce \u00e0 vous<\/b><\/h2><p><span style=\"font-weight: 400;\">Ce projet n\u2019aurait jamais pu voir le jour sans :<\/span><\/p><ul><li style=\"font-weight: 400;\" aria-level=\"1\"><span style=\"font-weight: 400;\">l\u2019implication et la g\u00e9n\u00e9rosit\u00e9 des \u00e9l\u00e8ves et des familles<\/span><\/li><li style=\"font-weight: 400;\" aria-level=\"1\"><span style=\"font-weight: 400;\">l\u2019accompagnement des enseignantes et de la direction,<\/span><\/li><\/ul><p><span style=\"font-weight: 400;\">Chaque lettre \u00e9crite, chaque cadeau transmis, chaque bo\u00eete pr\u00e9par\u00e9e a contribu\u00e9 \u00e0 cr\u00e9er un lien entre des enfants s\u00e9par\u00e9s par des milliers de kilom\u00e8tres. Un immense merci \u00e0 l\u2019\u00e9cole P. pour son implication et sa confiance !<\/span><\/p><p><span style=\"font-weight: 400;\">Nous esp\u00e9rons que cette aventure laissera un souvenir agr\u00e9able aux enfants et qu\u2019elle pourra, \u00e0 l\u2019avenir, \u00eatre renouvel\u00e9e et d\u00e9velopp\u00e9e.<\/span><\/p><p><span style=\"font-weight: 400;\">Merci \u00e0 toutes et tous pour votre engagement et votre confiance, qui a permis d&#8217;envoyer un cadeau \u00e0 55 enfants au total.<\/span><span style=\"font-weight: 400;\"><br \/><\/span><span style=\"font-weight: 400;\">C\u2019est gr\u00e2ce \u00e0 vous que ce projet a pris vie.<\/span><\/p><p><i><span style=\"font-weight: 400;\">L\u2019\u00e9quipe de l\u2019association SEOED<\/span><\/i><\/p><p><em>*Photos publi\u00e9es avec accord de l&#8217;\u00e9tablissement<\/em><\/p>\t\t\t\t\t\t<\/div>\n\t\t\t\t<\/div>\n\t\t\t\t\t<\/div>\n\t\t<\/div>\n\t\t\t\t\t\t\t<\/div>\n\t\t<\/section>\n\t\t\t\t\t\t\t<\/div>\n\t\t","protected":false},"excerpt":{"rendered":"<p>S\u0153urs &amp; Fr\u00e8res du bout de la Terre &#8211;\u00a0 1\u00e8re Edition \u00c0 l\u2019automne 2025, l\u2019association SEOED a lanc\u00e9 avec l&#8217;aide et le soutien de l&#8217;\u00e9cole P. le projet \u00ab S\u0153urs [&hellip;]<\/p>\n","protected":false},"author":1,"featured_media":0,"parent":0,"menu_order":0,"comment_status":"closed","ping_status":"closed","template":"","meta":{"content-type":"","footnotes":""},"class_list":["post-5126","page","type-page","status-publish","hentry"],"_links":{"self":[{"href":"https:\/\/seoed.org\/index.php\/wp-json\/wp\/v2\/pages\/5126","targetHints":{"allow":["GET"]}}],"collection":[{"href":"https:\/\/seoed.org\/index.php\/wp-json\/wp\/v2\/pages"}],"about":[{"href":"https:\/\/seoed.org\/index.php\/wp-json\/wp\/v2\/types\/page"}],"author":[{"embeddable":true,"href":"https:\/\/seoed.org\/index.php\/wp-json\/wp\/v2\/users\/1"}],"replies":[{"embeddable":true,"href":"https:\/\/seoed.org\/index.php\/wp-json\/wp\/v2\/comments?post=5126"}],"version-history":[{"count":77,"href":"https:\/\/seoed.org\/index.php\/wp-json\/wp\/v2\/pages\/5126\/revisions"}],"predecessor-version":[{"id":5227,"href":"https:\/\/seoed.org\/index.php\/wp-json\/wp\/v2\/pages\/5126\/revisions\/5227"}],"wp:attachment":[{"href":"https:\/\/seoed.org\/index.php\/wp-json\/wp\/v2\/media?parent=5126"}],"curies":[{"name":"wp","href":"https:\/\/api.w.org\/{rel}","templated":true}]}}