{"id":3948,"date":"2023-08-13T22:36:09","date_gmt":"2023-08-13T20:36:09","guid":{"rendered":"http:\/\/localhost\/KidsTheme\/?page_id=3948"},"modified":"2023-08-14T14:25:26","modified_gmt":"2023-08-14T12:25:26","slug":"ou-vont-vos-dons","status":"publish","type":"page","link":"https:\/\/seoed.org\/index.php\/ou-vont-vos-dons\/","title":{"rendered":"O\u00f9 vont vos dons"},"content":{"rendered":"\t\t<div data-elementor-type=\"wp-page\" data-elementor-id=\"3948\" class=\"elementor elementor-3948\">\n\t\t\t\t\t\t\t\t\t<section class=\"elementor-section elementor-top-section elementor-element elementor-element-b862e36 elementor-section-boxed elementor-section-height-default elementor-section-height-default\" data-id=\"b862e36\" data-element_type=\"section\">\n\t\t\t\t\t\t<div class=\"elementor-container elementor-column-gap-default\">\n\t\t\t\t\t<div class=\"elementor-column elementor-col-100 elementor-top-column elementor-element elementor-element-90f9413\" data-id=\"90f9413\" data-element_type=\"column\">\n\t\t\t<div class=\"elementor-widget-wrap elementor-element-populated\">\n\t\t\t\t\t\t\t\t<div class=\"elementor-element elementor-element-65fd329 elementor-widget elementor-widget-heading\" data-id=\"65fd329\" data-element_type=\"widget\" data-widget_type=\"heading.default\">\n\t\t\t\t<div class=\"elementor-widget-container\">\n\t\t\t<style>\/*! elementor - v3.15.0 - 09-08-2023 *\/\n.elementor-heading-title{padding:0;margin:0;line-height:1}.elementor-widget-heading .elementor-heading-title[class*=elementor-size-]>a{color:inherit;font-size:inherit;line-height:inherit}.elementor-widget-heading .elementor-heading-title.elementor-size-small{font-size:15px}.elementor-widget-heading .elementor-heading-title.elementor-size-medium{font-size:19px}.elementor-widget-heading .elementor-heading-title.elementor-size-large{font-size:29px}.elementor-widget-heading .elementor-heading-title.elementor-size-xl{font-size:39px}.elementor-widget-heading .elementor-heading-title.elementor-size-xxl{font-size:59px}<\/style><h2 class=\"elementor-heading-title elementor-size-default\">O\u00f9 vont vos dons<\/h2>\t\t<\/div>\n\t\t\t\t<\/div>\n\t\t\t\t\t<\/div>\n\t\t<\/div>\n\t\t\t\t\t\t\t<\/div>\n\t\t<\/section>\n\t\t\t\t<section class=\"elementor-section elementor-top-section elementor-element elementor-element-3b4caf1 elementor-section-boxed elementor-section-height-default elementor-section-height-default\" data-id=\"3b4caf1\" data-element_type=\"section\">\n\t\t\t\t\t\t<div class=\"elementor-container elementor-column-gap-default\">\n\t\t\t\t\t<div class=\"elementor-column elementor-col-100 elementor-top-column elementor-element elementor-element-b8d826a\" data-id=\"b8d826a\" data-element_type=\"column\">\n\t\t\t<div class=\"elementor-widget-wrap elementor-element-populated\">\n\t\t\t\t\t\t\t\t<div class=\"elementor-element elementor-element-add6a05 elementor-widget elementor-widget-text-editor\" data-id=\"add6a05\" data-element_type=\"widget\" data-widget_type=\"text-editor.default\">\n\t\t\t\t<div class=\"elementor-widget-container\">\n\t\t\t<style>\/*! elementor - v3.15.0 - 09-08-2023 *\/\n.elementor-widget-text-editor.elementor-drop-cap-view-stacked .elementor-drop-cap{background-color:#69727d;color:#fff}.elementor-widget-text-editor.elementor-drop-cap-view-framed .elementor-drop-cap{color:#69727d;border:3px solid;background-color:transparent}.elementor-widget-text-editor:not(.elementor-drop-cap-view-default) .elementor-drop-cap{margin-top:8px}.elementor-widget-text-editor:not(.elementor-drop-cap-view-default) .elementor-drop-cap-letter{width:1em;height:1em}.elementor-widget-text-editor .elementor-drop-cap{float:left;text-align:center;line-height:1;font-size:50px}.elementor-widget-text-editor .elementor-drop-cap-letter{display:inline-block}<\/style>\t\t\t\t<p><!-- wp:paragraph --><\/p><p>Votre soutien est r\u00e9parti avec soin pour assurer une port\u00e9e maximale et un impact durable. Une partie significative de vos dons est allou\u00e9e \u00e0 nos initiatives de parrainage, garantissant que chaque enfant re\u00e7oive une \u00e9ducation de qualit\u00e9, une alimentation \u00e9quilibr\u00e9e et des soins m\u00e9dicaux\u00a0essentiels. Chaque enfant parrain\u00e9 est une histoire transform\u00e9e, une vie qui s&#8217;\u00e9panouit gr\u00e2ce \u00e0 votre g\u00e9n\u00e9rosit\u00e9.<\/p><p>Nous accordons une attention minutieuse \u00e0 l&#8217;am\u00e9lioration continue de nos infrastructures, notamment notre centre de loisirs et nos espaces \u00e9ducatifs. Votre contribution aide \u00e0 maintenir ces lieux d&#8217;apprentissage et de divertissement, o\u00f9 chaque sourire est une victoire pour nous tous. Nous envisageons \u00e9galement la cr\u00e9ation d&#8217;un parc d&#8217;attractions, o\u00f9 chaque sourire forg\u00e9 sur un visage d&#8217;enfant r\u00e9sonnera comme un accomplissement.<\/p><p>Nous croyons en la transparence, c&#8217;est pourquoi nous fournissons r\u00e9guli\u00e8rement des rapports d\u00e9taill\u00e9s sur l&#8217;utilisation de vos dons. Votre confiance est pr\u00e9cieuse, et nous nous effor\u00e7ons de la m\u00e9riter chaque jour en mettant en oeuvre vos dons de mani\u00e8re judicieuse et responsable.<\/p><p>Rejoignez-nous dans cette qu\u00eate pour fa\u00e7onner un meilleur avenir pour les enfants en d\u00e9tresse. Chaque contribution, quelle que soit sa taille, a le pouvoir de transformer des vies et de semer les graines de l&#8217;espoir. Ensemble, nous sommes la force qui rend possible le changement, et chaque don est un acte d&#8217;amour qui r\u00e9sonne \u00e0 travers le temps.<\/p><div><p><!-- \/wp:button --><\/p><\/div><p><!-- \/wp:buttons --><\/p>\t\t\t\t\t\t<\/div>\n\t\t\t\t<\/div>\n\t\t\t\t\t<\/div>\n\t\t<\/div>\n\t\t\t\t\t\t\t<\/div>\n\t\t<\/section>\n\t\t\t\t\t\t\t<\/div>\n\t\t","protected":false},"excerpt":{"rendered":"<p>O\u00f9 vont vos dons Votre soutien est r\u00e9parti avec soin pour assurer une port\u00e9e maximale et un impact durable. Une partie significative de vos dons est allou\u00e9e \u00e0 nos initiatives [&hellip;]<\/p>\n","protected":false},"author":2,"featured_media":0,"parent":0,"menu_order":0,"comment_status":"closed","ping_status":"closed","template":"","meta":{"content-type":"","footnotes":""},"class_list":["post-3948","page","type-page","status-publish","hentry"],"_links":{"self":[{"href":"https:\/\/seoed.org\/index.php\/wp-json\/wp\/v2\/pages\/3948","targetHints":{"allow":["GET"]}}],"collection":[{"href":"https:\/\/seoed.org\/index.php\/wp-json\/wp\/v2\/pages"}],"about":[{"href":"https:\/\/seoed.org\/index.php\/wp-json\/wp\/v2\/types\/page"}],"author":[{"embeddable":true,"href":"https:\/\/seoed.org\/index.php\/wp-json\/wp\/v2\/users\/2"}],"replies":[{"embeddable":true,"href":"https:\/\/seoed.org\/index.php\/wp-json\/wp\/v2\/comments?post=3948"}],"version-history":[{"count":12,"href":"https:\/\/seoed.org\/index.php\/wp-json\/wp\/v2\/pages\/3948\/revisions"}],"predecessor-version":[{"id":4896,"href":"https:\/\/seoed.org\/index.php\/wp-json\/wp\/v2\/pages\/3948\/revisions\/4896"}],"wp:attachment":[{"href":"https:\/\/seoed.org\/index.php\/wp-json\/wp\/v2\/media?parent=3948"}],"curies":[{"name":"wp","href":"https:\/\/api.w.org\/{rel}","templated":true}]}}