{"id":3908,"date":"2023-08-13T22:24:02","date_gmt":"2023-08-13T20:24:02","guid":{"rendered":"http:\/\/localhost\/KidsTheme\/?page_id=3908"},"modified":"2023-08-16T01:16:54","modified_gmt":"2023-08-15T23:16:54","slug":"orphelinat-de-tchatchou","status":"publish","type":"page","link":"https:\/\/seoed.org\/index.php\/orphelinat-de-tchatchou\/","title":{"rendered":"Orphelinat de Tchatchou"},"content":{"rendered":"\t\t<div data-elementor-type=\"wp-page\" data-elementor-id=\"3908\" class=\"elementor elementor-3908\">\n\t\t\t\t\t\t\t\t\t<section class=\"elementor-section elementor-top-section elementor-element elementor-element-f742fc7 elementor-section-boxed elementor-section-height-default elementor-section-height-default\" data-id=\"f742fc7\" data-element_type=\"section\">\n\t\t\t\t\t\t<div class=\"elementor-container elementor-column-gap-default\">\n\t\t\t\t\t<div class=\"elementor-column elementor-col-100 elementor-top-column elementor-element elementor-element-209a5d4\" data-id=\"209a5d4\" data-element_type=\"column\">\n\t\t\t<div class=\"elementor-widget-wrap elementor-element-populated\">\n\t\t\t\t\t\t\t\t<div class=\"elementor-element elementor-element-c0412e2 elementor-widget elementor-widget-heading\" data-id=\"c0412e2\" data-element_type=\"widget\" data-widget_type=\"heading.default\">\n\t\t\t\t<div class=\"elementor-widget-container\">\n\t\t\t<style>\/*! elementor - v3.15.0 - 09-08-2023 *\/\n.elementor-heading-title{padding:0;margin:0;line-height:1}.elementor-widget-heading .elementor-heading-title[class*=elementor-size-]>a{color:inherit;font-size:inherit;line-height:inherit}.elementor-widget-heading .elementor-heading-title.elementor-size-small{font-size:15px}.elementor-widget-heading .elementor-heading-title.elementor-size-medium{font-size:19px}.elementor-widget-heading .elementor-heading-title.elementor-size-large{font-size:29px}.elementor-widget-heading .elementor-heading-title.elementor-size-xl{font-size:39px}.elementor-widget-heading .elementor-heading-title.elementor-size-xxl{font-size:59px}<\/style><h2 class=\"elementor-heading-title elementor-size-default\">Orphelinat de Tchatchou<\/h2>\t\t<\/div>\n\t\t\t\t<\/div>\n\t\t\t\t\t<\/div>\n\t\t<\/div>\n\t\t\t\t\t\t\t<\/div>\n\t\t<\/section>\n\t\t\t\t<section class=\"elementor-section elementor-top-section elementor-element elementor-element-0408748 elementor-section-boxed elementor-section-height-default elementor-section-height-default\" data-id=\"0408748\" data-element_type=\"section\">\n\t\t\t\t\t\t<div class=\"elementor-container elementor-column-gap-default\">\n\t\t\t\t\t<div class=\"elementor-column elementor-col-100 elementor-top-column elementor-element elementor-element-9b22b63\" data-id=\"9b22b63\" data-element_type=\"column\">\n\t\t\t<div class=\"elementor-widget-wrap elementor-element-populated\">\n\t\t\t\t\t\t\t\t<div class=\"elementor-element elementor-element-ddafa08 elementor-widget elementor-widget-text-editor\" data-id=\"ddafa08\" data-element_type=\"widget\" data-widget_type=\"text-editor.default\">\n\t\t\t\t<div class=\"elementor-widget-container\">\n\t\t\t<style>\/*! elementor - v3.15.0 - 09-08-2023 *\/\n.elementor-widget-text-editor.elementor-drop-cap-view-stacked .elementor-drop-cap{background-color:#69727d;color:#fff}.elementor-widget-text-editor.elementor-drop-cap-view-framed .elementor-drop-cap{color:#69727d;border:3px solid;background-color:transparent}.elementor-widget-text-editor:not(.elementor-drop-cap-view-default) .elementor-drop-cap{margin-top:8px}.elementor-widget-text-editor:not(.elementor-drop-cap-view-default) .elementor-drop-cap-letter{width:1em;height:1em}.elementor-widget-text-editor .elementor-drop-cap{float:left;text-align:center;line-height:1;font-size:50px}.elementor-widget-text-editor .elementor-drop-cap-letter{display:inline-block}<\/style>\t\t\t\t<p>Bienvenue \u00e0 l&#8217;Orphelinat Sainte Th\u00e9r\u00e8se de l\u2019Enfant J\u00e9sus de Tchatchou, situ\u00e9 dans le quartier de la Gare. Notre \u00e9tablissement accueille actuellement 18 enfants: 7 \u00e2g\u00e9s de 0 \u00e0 3 ans, 7 de 3 \u00e0 8 ans et 4 de 8 ans et plus. Nous sommes un orphelinat pouponni\u00e8re et du jeune enfant.<\/p><p><span style=\"color: var( --e-global-color-text ); font-family: var( --e-global-typography-text-font-family ), Sans-serif; font-weight: var( --e-global-typography-text-font-weight );\">Notre objectif est de prendre en charge les frais de scolarit\u00e9, les frais scolaires qui en d\u00e9coulent tels que les uniformes et les fournitures scolaires. Nous essayons \u00e9galement de combler les difficult\u00e9s alimentaires (condiments, viandes, poissons ) si possible le go\u00fbter.<\/span><\/p><p><span style=\"color: var( --e-global-color-text ); font-family: var( --e-global-typography-text-font-family ), Sans-serif; font-weight: var( --e-global-typography-text-font-weight );\">La sant\u00e9 des enfants est un aspect important et malheureusement nous manquons de mat\u00e9riel tel que des draps pour berceaux, des couches, des serviettes p\u00e9riodiques pour les adolescentes, des v\u00eatements ou encore des jouets. De plus, nous souffrons de carences dans le suivi des vaccinations et ne b\u00e9n\u00e9ficions d&#8217;aucune aide pour les frais m\u00e9dicaux, ce qui constitue une pr\u00e9occupation majeure pour nous.<\/span><\/p><p><span style=\"color: var( --e-global-color-text ); font-family: var( --e-global-typography-text-font-family ), Sans-serif; font-weight: var( --e-global-typography-text-font-weight );\">Afin d&#8217;entretenir nos locaux, nous avons des charges mensuelles englobant les factures d&#8217;\u00e9lectricit\u00e9, les salaires des r\u00e9p\u00e9titeurs scolaires, des encadrants et de l&#8217;assistante sociale, ainsi que le traitement de l&#8217;eau de forage. Nous souhaiterions \u00e9galement construire des aires de jeux pour les enfants.<\/span><\/p><p><span style=\"color: var( --e-global-color-text ); font-family: var( --e-global-typography-text-font-family ), Sans-serif; font-weight: var( --e-global-typography-text-font-weight );\">En ce qui concerne nos projets afin de gagner en ind\u00e9pendance, nous souhaitons construire une maison d&#8217;h\u00f4tes et si possible un bar et un restaurant sur des terrains appartenant \u00e0 l&#8217;orphelinat.<\/span><\/p><p><span style=\"color: var( --e-global-color-text ); font-family: var( --e-global-typography-text-font-family ), Sans-serif; font-weight: var( --e-global-typography-text-font-weight );\">Au sein de notre orphelinat, nous rencontrons certaines difficult\u00e9s financi\u00e8res. En effet, nous ne b\u00e9n\u00e9ficions d&#8217;aucun parrainage r\u00e9gulier et ne recevons que quelques dons de particuliers pas de mani\u00e8re r\u00e9guli\u00e8re, m\u00eame si nous b\u00e9n\u00e9ficions du soutien de l&#8217;Association MERANO, de la Fondation Mme TALON Claudine et l&#8217;Association BASB. Le maire de la commune nous apporte \u00e9galement quelques vivres. Cela limite notre capacit\u00e9 \u00e0 subvenir aux besoins essentiels de nos enfants.<\/span><\/p><p><span style=\"color: var( --e-global-color-text ); font-family: var( --e-global-typography-text-font-family ), Sans-serif; font-weight: var( --e-global-typography-text-font-weight );\">Nous lan\u00e7ons donc un appel \u00e0 votre g\u00e9n\u00e9rosit\u00e9 et \u00e0 votre soutien pour nous aider \u00e0 am\u00e9liorer la vie de ces enfants. Toute contribution, qu&#8217;elle soit financi\u00e8re ou mat\u00e9rielle, fera une r\u00e9elle diff\u00e9rence dans leur vie. Ensemble, nous pouvons offrir \u00e0 ces enfants un meilleur avenir et leur donner la chance qu&#8217;ils m\u00e9ritent. Merci d&#8217;avance pour votre aide pr\u00e9cieuse !<\/span><\/p><p>\u00a0<\/p>\t\t\t\t\t\t<\/div>\n\t\t\t\t<\/div>\n\t\t\t\t\t<\/div>\n\t\t<\/div>\n\t\t\t\t\t\t\t<\/div>\n\t\t<\/section>\n\t\t\t\t\t\t\t<\/div>\n\t\t","protected":false},"excerpt":{"rendered":"<p>Orphelinat de Tchatchou Bienvenue \u00e0 l&#8217;Orphelinat Sainte Th\u00e9r\u00e8se de l\u2019Enfant J\u00e9sus de Tchatchou, situ\u00e9 dans le quartier de la Gare. Notre \u00e9tablissement accueille actuellement 18 enfants: 7 \u00e2g\u00e9s de 0 [&hellip;]<\/p>\n","protected":false},"author":2,"featured_media":0,"parent":0,"menu_order":0,"comment_status":"closed","ping_status":"closed","template":"","meta":{"content-type":"","footnotes":""},"class_list":["post-3908","page","type-page","status-publish","hentry"],"_links":{"self":[{"href":"https:\/\/seoed.org\/index.php\/wp-json\/wp\/v2\/pages\/3908","targetHints":{"allow":["GET"]}}],"collection":[{"href":"https:\/\/seoed.org\/index.php\/wp-json\/wp\/v2\/pages"}],"about":[{"href":"https:\/\/seoed.org\/index.php\/wp-json\/wp\/v2\/types\/page"}],"author":[{"embeddable":true,"href":"https:\/\/seoed.org\/index.php\/wp-json\/wp\/v2\/users\/2"}],"replies":[{"embeddable":true,"href":"https:\/\/seoed.org\/index.php\/wp-json\/wp\/v2\/comments?post=3908"}],"version-history":[{"count":6,"href":"https:\/\/seoed.org\/index.php\/wp-json\/wp\/v2\/pages\/3908\/revisions"}],"predecessor-version":[{"id":5068,"href":"https:\/\/seoed.org\/index.php\/wp-json\/wp\/v2\/pages\/3908\/revisions\/5068"}],"wp:attachment":[{"href":"https:\/\/seoed.org\/index.php\/wp-json\/wp\/v2\/media?parent=3908"}],"curies":[{"name":"wp","href":"https:\/\/api.w.org\/{rel}","templated":true}]}}