{"id":3869,"date":"2023-08-13T21:50:29","date_gmt":"2023-08-13T19:50:29","guid":{"rendered":"http:\/\/localhost\/KidsTheme\/?page_id=3869"},"modified":"2023-08-14T15:05:50","modified_gmt":"2023-08-14T13:05:50","slug":"nous-aider","status":"publish","type":"page","link":"https:\/\/seoed.org\/index.php\/nous-aider\/","title":{"rendered":"Nous aider"},"content":{"rendered":"\t\t<div data-elementor-type=\"wp-page\" data-elementor-id=\"3869\" class=\"elementor elementor-3869\">\n\t\t\t\t\t\t\t\t\t<section class=\"elementor-section elementor-top-section elementor-element elementor-element-20986d1 elementor-section-boxed elementor-section-height-default elementor-section-height-default\" data-id=\"20986d1\" data-element_type=\"section\">\n\t\t\t\t\t\t<div class=\"elementor-container elementor-column-gap-default\">\n\t\t\t\t\t<div class=\"elementor-column elementor-col-100 elementor-top-column elementor-element elementor-element-16b7b2a\" data-id=\"16b7b2a\" data-element_type=\"column\">\n\t\t\t<div class=\"elementor-widget-wrap elementor-element-populated\">\n\t\t\t\t\t\t\t\t<div class=\"elementor-element elementor-element-03957ed elementor-widget elementor-widget-heading\" data-id=\"03957ed\" data-element_type=\"widget\" data-widget_type=\"heading.default\">\n\t\t\t\t<div class=\"elementor-widget-container\">\n\t\t\t<style>\/*! elementor - v3.15.0 - 09-08-2023 *\/\n.elementor-heading-title{padding:0;margin:0;line-height:1}.elementor-widget-heading .elementor-heading-title[class*=elementor-size-]>a{color:inherit;font-size:inherit;line-height:inherit}.elementor-widget-heading .elementor-heading-title.elementor-size-small{font-size:15px}.elementor-widget-heading .elementor-heading-title.elementor-size-medium{font-size:19px}.elementor-widget-heading .elementor-heading-title.elementor-size-large{font-size:29px}.elementor-widget-heading .elementor-heading-title.elementor-size-xl{font-size:39px}.elementor-widget-heading .elementor-heading-title.elementor-size-xxl{font-size:59px}<\/style><h2 class=\"elementor-heading-title elementor-size-default\">Nous aider<\/h2>\t\t<\/div>\n\t\t\t\t<\/div>\n\t\t\t\t\t<\/div>\n\t\t<\/div>\n\t\t\t\t\t\t\t<\/div>\n\t\t<\/section>\n\t\t\t\t<section class=\"elementor-section elementor-top-section elementor-element elementor-element-760076d elementor-section-boxed elementor-section-height-default elementor-section-height-default\" data-id=\"760076d\" data-element_type=\"section\">\n\t\t\t\t\t\t<div class=\"elementor-container elementor-column-gap-default\">\n\t\t\t\t\t<div class=\"elementor-column elementor-col-100 elementor-top-column elementor-element elementor-element-e5621a4\" data-id=\"e5621a4\" data-element_type=\"column\">\n\t\t\t<div class=\"elementor-widget-wrap elementor-element-populated\">\n\t\t\t\t\t\t\t\t<div class=\"elementor-element elementor-element-57bc078 elementor-widget elementor-widget-heading\" data-id=\"57bc078\" data-element_type=\"widget\" data-widget_type=\"heading.default\">\n\t\t\t\t<div class=\"elementor-widget-container\">\n\t\t\t<h4 class=\"elementor-heading-title elementor-size-default\">**Votre soutien fa\u00e7onne ces vies et nourrit l'espoir. Joignez-vous \u00e0 nous pour cr\u00e9er des lendemains plus radieux.**<\/h4>\t\t<\/div>\n\t\t\t\t<\/div>\n\t\t\t\t\t<\/div>\n\t\t<\/div>\n\t\t\t\t\t\t\t<\/div>\n\t\t<\/section>\n\t\t\t\t<section class=\"elementor-section elementor-top-section elementor-element elementor-element-e414449 elementor-section-boxed elementor-section-height-default elementor-section-height-default\" data-id=\"e414449\" data-element_type=\"section\">\n\t\t\t\t\t\t<div class=\"elementor-container elementor-column-gap-default\">\n\t\t\t\t\t<div class=\"elementor-column elementor-col-100 elementor-top-column elementor-element elementor-element-5d0ab69\" data-id=\"5d0ab69\" data-element_type=\"column\">\n\t\t\t<div class=\"elementor-widget-wrap elementor-element-populated\">\n\t\t\t\t\t\t\t\t<div class=\"elementor-element elementor-element-ce12154 elementor-widget elementor-widget-text-editor\" data-id=\"ce12154\" data-element_type=\"widget\" data-widget_type=\"text-editor.default\">\n\t\t\t\t<div class=\"elementor-widget-container\">\n\t\t\t<style>\/*! elementor - v3.15.0 - 09-08-2023 *\/\n.elementor-widget-text-editor.elementor-drop-cap-view-stacked .elementor-drop-cap{background-color:#69727d;color:#fff}.elementor-widget-text-editor.elementor-drop-cap-view-framed .elementor-drop-cap{color:#69727d;border:3px solid;background-color:transparent}.elementor-widget-text-editor:not(.elementor-drop-cap-view-default) .elementor-drop-cap{margin-top:8px}.elementor-widget-text-editor:not(.elementor-drop-cap-view-default) .elementor-drop-cap-letter{width:1em;height:1em}.elementor-widget-text-editor .elementor-drop-cap{float:left;text-align:center;line-height:1;font-size:50px}.elementor-widget-text-editor .elementor-drop-cap-letter{display:inline-block}<\/style>\t\t\t\t<p style=\"margin-left: 18.0pt;\"><span style=\"font-family: Roboto;\"><span style=\"font-size: 18.6667px;\">Chers tous,<\/span><\/span><\/p>\n<p style=\"margin-left: 18.0pt;\"><span style=\"font-family: Roboto;\"><span style=\"font-size: 18.6667px;\">Si vous souhaitez vous aussi apporter votre pierre \u00e0 l&#8217;\u00e9difice afin d&#8217;offrir un avenir meilleur pour tous, vous pouvez contribuer de plusieurs mani\u00e8res.<\/span><\/span><\/p>\n<p style=\"margin-left: 18.0pt;\"><span style=\"font-family: Roboto;\"><span style=\"font-size: 18.6667px;\">Si vous disposez d&#8217;assez de temps libre, vous pouvez devenir membre actif de l&#8217;association. Cela signifie que vous souhaitez participer activement \u00e0 nos actions, en contribuant \u00e0 leur organisation et \u00e0 leur mise en \u0153uvre. Votre pr\u00e9sence et vos comp\u00e9tences seront accueillies avec enthousiasme, car chaque personne motiv\u00e9e compte !<\/span><\/span><\/p>\n<p style=\"margin-left: 18.0pt;\"><span style=\"font-family: Roboto;\"><span style=\"font-size: 18.6667px;\">Si vous pr\u00e9f\u00e9rez une contribution plus\u00a0 orient\u00e9e vers le mat\u00e9riel, vous pouvez apporter un soutien financier, alimentaire ou sanitaire. Chaque contribution, m\u00eame modeste, a un impact significatif sur notre capacit\u00e9 \u00e0 agir et \u00e0 faire la diff\u00e9rence.<\/span><\/span><\/p>\n<p style=\"margin-left: 18.0pt;\"><span style=\"font-family: Roboto;\"><span style=\"font-size: 18.6667px;\">Se montrer solidaire au quotidien est aussi une forme pr\u00e9cieuse d&#8217;aide. En apportant un appui moral aux plus d\u00e9munis et d\u00e9favoris\u00e9s, vous leur offrez un rayon de soleil. Votre pr\u00e9sence, votre \u00e9coute attentive et votre compassion sont autant de cadeaux inestimables.<\/span><\/span><\/p>\n<p style=\"margin-left: 18.0pt;\"><span style=\"font-family: Roboto;\"><span style=\"font-size: 18.6667px;\">Enfin, nous encourageons \u00e9galement un comportement respectueux envers tous les \u00eatres, ind\u00e9pendamment de leurs diff\u00e9rences. Apprendre \u00e0 \u00e9couter, comprendre, accepter et respecter chaque individu contribue \u00e0 la cr\u00e9ation d&#8217;une soci\u00e9t\u00e9 plus juste et \u00e9galitaire pour tous.<\/span><\/span><\/p>\n<p style=\"margin-left: 18.0pt;\"><span style=\"font-family: Roboto;\"><span style=\"font-size: 18.6667px;\">Nous vous remercions sinc\u00e8rement pour votre soutien et votre engagement en faveur de notre cause. Ensemble, nous pouvons faire une diff\u00e9rence significative dans la vie des personnes les plus vuln\u00e9rables.<\/span><\/span><\/p>\n<p style=\"margin-left: 18.0pt;\"><span style=\"font-family: Roboto;\"><span style=\"font-size: 18.6667px;\">Bien \u00e0 vous,<\/span><\/span><\/p>\n<p style=\"margin-left: 18.0pt;\"><span style=\"font-family: Roboto;\"><span style=\"font-size: 18.6667px;\">L&#8217;\u00e9quipe SEOED<\/span><\/span><\/p>\t\t\t\t\t\t<\/div>\n\t\t\t\t<\/div>\n\t\t\t\t\t<\/div>\n\t\t<\/div>\n\t\t\t\t\t\t\t<\/div>\n\t\t<\/section>\n\t\t\t\t\t\t\t<\/div>\n\t\t","protected":false},"excerpt":{"rendered":"<p>Nous aider **Votre soutien fa\u00e7onne ces vies et nourrit l&#8217;espoir. Joignez-vous \u00e0 nous pour cr\u00e9er des lendemains plus radieux.** Chers tous, Si vous souhaitez vous aussi apporter votre pierre \u00e0 [&hellip;]<\/p>\n","protected":false},"author":2,"featured_media":0,"parent":0,"menu_order":0,"comment_status":"closed","ping_status":"closed","template":"","meta":{"content-type":"","footnotes":""},"class_list":["post-3869","page","type-page","status-publish","hentry"],"_links":{"self":[{"href":"https:\/\/seoed.org\/index.php\/wp-json\/wp\/v2\/pages\/3869","targetHints":{"allow":["GET"]}}],"collection":[{"href":"https:\/\/seoed.org\/index.php\/wp-json\/wp\/v2\/pages"}],"about":[{"href":"https:\/\/seoed.org\/index.php\/wp-json\/wp\/v2\/types\/page"}],"author":[{"embeddable":true,"href":"https:\/\/seoed.org\/index.php\/wp-json\/wp\/v2\/users\/2"}],"replies":[{"embeddable":true,"href":"https:\/\/seoed.org\/index.php\/wp-json\/wp\/v2\/comments?post=3869"}],"version-history":[{"count":6,"href":"https:\/\/seoed.org\/index.php\/wp-json\/wp\/v2\/pages\/3869\/revisions"}],"predecessor-version":[{"id":4906,"href":"https:\/\/seoed.org\/index.php\/wp-json\/wp\/v2\/pages\/3869\/revisions\/4906"}],"wp:attachment":[{"href":"https:\/\/seoed.org\/index.php\/wp-json\/wp\/v2\/media?parent=3869"}],"curies":[{"name":"wp","href":"https:\/\/api.w.org\/{rel}","templated":true}]}}