{"id":3833,"date":"2023-08-13T21:24:09","date_gmt":"2023-08-13T19:24:09","guid":{"rendered":"http:\/\/localhost\/KidsTheme\/?page_id=3833"},"modified":"2023-08-14T21:31:28","modified_gmt":"2023-08-14T19:31:28","slug":"lassociation","status":"publish","type":"page","link":"https:\/\/seoed.org\/index.php\/lassociation\/","title":{"rendered":"L&#8217;association"},"content":{"rendered":"\t\t<div data-elementor-type=\"wp-page\" data-elementor-id=\"3833\" class=\"elementor elementor-3833\">\n\t\t\t\t\t\t\t\t\t<section class=\"elementor-section elementor-top-section elementor-element elementor-element-3a1dc28 elementor-section-boxed elementor-section-height-default elementor-section-height-default\" data-id=\"3a1dc28\" data-element_type=\"section\">\n\t\t\t\t\t\t<div class=\"elementor-container elementor-column-gap-default\">\n\t\t\t\t\t<div class=\"elementor-column elementor-col-100 elementor-top-column elementor-element elementor-element-64b1531\" data-id=\"64b1531\" data-element_type=\"column\">\n\t\t\t<div class=\"elementor-widget-wrap elementor-element-populated\">\n\t\t\t\t\t\t\t\t<div class=\"elementor-element elementor-element-52fb17c elementor-widget elementor-widget-text-editor\" data-id=\"52fb17c\" data-element_type=\"widget\" data-widget_type=\"text-editor.default\">\n\t\t\t\t<div class=\"elementor-widget-container\">\n\t\t\t<style>\/*! elementor - v3.15.0 - 09-08-2023 *\/\n.elementor-widget-text-editor.elementor-drop-cap-view-stacked .elementor-drop-cap{background-color:#69727d;color:#fff}.elementor-widget-text-editor.elementor-drop-cap-view-framed .elementor-drop-cap{color:#69727d;border:3px solid;background-color:transparent}.elementor-widget-text-editor:not(.elementor-drop-cap-view-default) .elementor-drop-cap{margin-top:8px}.elementor-widget-text-editor:not(.elementor-drop-cap-view-default) .elementor-drop-cap-letter{width:1em;height:1em}.elementor-widget-text-editor .elementor-drop-cap{float:left;text-align:center;line-height:1;font-size:50px}.elementor-widget-text-editor .elementor-drop-cap-letter{display:inline-block}<\/style>\t\t\t\t<p><!-- wp:heading {\"textAlign\":\"center\"} --><\/p>\n<h2><strong>Notre histoire<\/strong><\/h2>\n<p>Laissez-moi vous emmener dans le coeur de notre histoire, une histoire n\u00e9e d&#8217;une conversation passionn\u00e9e entre deux \u00e2mes anim\u00e9es par la compassion et le d\u00e9sir de cr\u00e9er un changement profond. Imaginez Clarisse et Sandrie, s&#8217;engageant corps et \u00e2me pour apporter un rayon de lumi\u00e8re dans la vie des orphelins et des enfants en d\u00e9tresse au Congo. C&#8217;est ici que notre r\u00eave a pris racine.\u00a0 \u00a0 \u00a0 \u00a0 \u00a0 \u00a0 \u00a0 \u00a0 \u00a0 \u00a0 \u00a0 \u00a0 \u00a0 \u00a0 \u00a0 \u00a0<\/p>\n<p>Sandrie, portant en elle une d\u00e9termination in\u00e9branlable, r\u00eavait depuis toujours de fa\u00e7onner une fondation d\u00e9di\u00e9e \u00e0 l&#8217;aide aux orphelins, une fondation qui rayonnerait \u00e0 travers tout le continent africain. Clarisse, ayant \u00e9lev\u00e9 ses propres filles et ressentant l&#8217;appel de l&#8217;empathie, a imm\u00e9diatement rejoint cette noble cause. Ainsi est n\u00e9e en janvier 2023 \u00ab Solidarit\u00e9 &amp; Entraide aux Orphelins et Enfants en D\u00e9tresse \u00bb, une association qui incarne un espoir de changement.<\/p>\n<p>L&#8217;\u00e9lan a \u00e9t\u00e9 renforc\u00e9 par des \u00e2mes compatissantes comme M. Kalifa, un juriste engag\u00e9 \u00e0 all\u00e9ger le fardeau l\u00e9gal des orphelinats, et Lamine, un homme de r\u00e9seau au coeur g\u00e9n\u00e9reux. Ensemble, ils ont forg\u00e9 une \u00e9quipe d\u00e9termin\u00e9e \u00e0 fa\u00e7onner un avenir plus lumineux pour ceux qui en ont le plus besoin.<\/p>\n<p>Notre mission commence par le B\u00e9nin, mais notre vision s&#8217;\u00e9tend bien au-del\u00e0. Nous aspirons \u00e0 cr\u00e9er un r\u00e9seau de solidarit\u00e9 qui essaimera dans toute l&#8217;Afrique. Au coeur de notre projet se trouve un centre de loisirs, un havre o\u00f9 les sourires des enfants viennent dissiper les ombres. Des colonies de vacances et des activit\u00e9s enrichissantes permettront \u00e0 ces jeunes esprits de grandir avec confiance, d&#8217;apprendre avec passion et de r\u00eaver sans limites.<\/p>\n<p>Imaginez-vous marchant \u00e0 travers ce centre, o\u00f9 l&#8217;on peut entendre le doux murmure des livres dans la biblioth\u00e8que, o\u00f9 les rires des enfants se m\u00ealent \u00e0 l&#8217;\u00e9clat de la pataugeoire, o\u00f9 les terrains de jeu offrent un espace d&#8217;aventure et de camaraderie. Ici, chaque enfant trouvera un lieu de refuge et d&#8217;\u00e9panouissement.<br \/>Mais nous ne pouvons pas y arriver sans vous. Rejoignez-nous dans cette qu\u00eate pour un avenir meilleur. Avec votre soutien, nous transformerons ces r\u00eaves en r\u00e9alit\u00e9, offrant aux enfants une chance de s&#8217;\u00e9panouir, de grandir et de r\u00e9aliser leur potentiel. Chaque contribution compte, chaque geste d&#8217;amour laisse une empreinte durable.<\/p>\n<p>Ensemble, tissons une toile d&#8217;espoir pour ces enfants, pour qui chaque sourire, chaque rire et chaque pas en avant sont des victoires. Rejoignez-nous, devenez la lueur qui guide leur chemin vers un avenir radieux. Car, ensemble, nous b\u00e2tissons plus qu&#8217;un centre de loisirs. Nous b\u00e2tissons des r\u00eaves et des vies remplies de promesses.<\/p>\n<p><!-- \/wp:list-item --><\/p>\n<p><!-- \/wp:list --><\/p>\t\t\t\t\t\t<\/div>\n\t\t\t\t<\/div>\n\t\t\t\t\t<\/div>\n\t\t<\/div>\n\t\t\t\t\t\t\t<\/div>\n\t\t<\/section>\n\t\t\t\t<section class=\"elementor-section elementor-top-section elementor-element elementor-element-b2e24b0 elementor-section-boxed elementor-section-height-default elementor-section-height-default\" data-id=\"b2e24b0\" data-element_type=\"section\">\n\t\t\t\t\t\t<div class=\"elementor-container elementor-column-gap-default\">\n\t\t\t\t\t<div class=\"elementor-column elementor-col-100 elementor-top-column elementor-element elementor-element-e9ab1b7\" data-id=\"e9ab1b7\" data-element_type=\"column\">\n\t\t\t<div class=\"elementor-widget-wrap elementor-element-populated\">\n\t\t\t\t\t\t\t\t<div class=\"elementor-element elementor-element-c49bf4d elementor-widget elementor-widget-video\" data-id=\"c49bf4d\" data-element_type=\"widget\" data-settings=\"{&quot;video_type&quot;:&quot;hosted&quot;,&quot;controls&quot;:&quot;yes&quot;}\" data-widget_type=\"video.default\">\n\t\t\t\t<div class=\"elementor-widget-container\">\n\t\t\t<style>\/*! elementor - v3.15.0 - 09-08-2023 *\/\n.elementor-widget-video .elementor-widget-container{overflow:hidden;transform:translateZ(0)}.elementor-widget-video .elementor-wrapper{aspect-ratio:var(--video-aspect-ratio)}.elementor-widget-video .elementor-wrapper iframe,.elementor-widget-video .elementor-wrapper video{height:100%;width:100%;display:flex;border:none;background-color:#000}@supports not (aspect-ratio:1\/1){.elementor-widget-video .elementor-wrapper{position:relative;overflow:hidden;height:0;padding-bottom:calc(100% \/ var(--video-aspect-ratio))}.elementor-widget-video .elementor-wrapper iframe,.elementor-widget-video .elementor-wrapper video{position:absolute;top:0;right:0;bottom:0;left:0}}.elementor-widget-video .elementor-open-inline .elementor-custom-embed-image-overlay{position:absolute;top:0;right:0;bottom:0;left:0;background-size:cover;background-position:50%}.elementor-widget-video .elementor-custom-embed-image-overlay{cursor:pointer;text-align:center}.elementor-widget-video .elementor-custom-embed-image-overlay:hover .elementor-custom-embed-play i{opacity:1}.elementor-widget-video .elementor-custom-embed-image-overlay img{display:block;width:100%;aspect-ratio:var(--video-aspect-ratio);-o-object-fit:cover;object-fit:cover;-o-object-position:center center;object-position:center center}@supports not (aspect-ratio:1\/1){.elementor-widget-video .elementor-custom-embed-image-overlay{position:relative;overflow:hidden;height:0;padding-bottom:calc(100% \/ var(--video-aspect-ratio))}.elementor-widget-video .elementor-custom-embed-image-overlay img{position:absolute;top:0;right:0;bottom:0;left:0}}.elementor-widget-video .e-hosted-video .elementor-video{-o-object-fit:cover;object-fit:cover}.e-con-inner>.elementor-widget-video,.e-con>.elementor-widget-video{width:var(--container-widget-width);--flex-grow:var(--container-widget-flex-grow)}<\/style>\t\t<div class=\"e-hosted-video elementor-wrapper elementor-open-inline\">\n\t\t\t\t\t<video class=\"elementor-video\" src=\"https:\/\/seoed.org\/wp-content\/uploads\/2023\/08\/SPOT.mp4\" controls=\"\" preload=\"metadata\" controlsList=\"nodownload\"><\/video>\n\t\t\t\t<\/div>\n\t\t\t\t<\/div>\n\t\t\t\t<\/div>\n\t\t\t\t\t<\/div>\n\t\t<\/div>\n\t\t\t\t\t\t\t<\/div>\n\t\t<\/section>\n\t\t\t\t<section class=\"elementor-section elementor-top-section elementor-element elementor-element-22ab1c3 elementor-section-boxed elementor-section-height-default elementor-section-height-default\" data-id=\"22ab1c3\" data-element_type=\"section\">\n\t\t\t\t\t\t<div class=\"elementor-container elementor-column-gap-default\">\n\t\t\t\t\t<div class=\"elementor-column elementor-col-100 elementor-top-column elementor-element elementor-element-f09cc0c\" data-id=\"f09cc0c\" data-element_type=\"column\">\n\t\t\t<div class=\"elementor-widget-wrap elementor-element-populated\">\n\t\t\t\t\t\t\t\t<div class=\"elementor-element elementor-element-4353b20 elementor-widget elementor-widget-spacer\" data-id=\"4353b20\" data-element_type=\"widget\" data-widget_type=\"spacer.default\">\n\t\t\t\t<div class=\"elementor-widget-container\">\n\t\t\t<style>\/*! elementor - v3.15.0 - 09-08-2023 *\/\n.elementor-column .elementor-spacer-inner{height:var(--spacer-size)}.e-con{--container-widget-width:100%}.e-con-inner>.elementor-widget-spacer,.e-con>.elementor-widget-spacer{width:var(--container-widget-width,var(--spacer-size));--align-self:var(--container-widget-align-self,initial);--flex-shrink:0}.e-con-inner>.elementor-widget-spacer>.elementor-widget-container,.e-con-inner>.elementor-widget-spacer>.elementor-widget-container>.elementor-spacer,.e-con>.elementor-widget-spacer>.elementor-widget-container,.e-con>.elementor-widget-spacer>.elementor-widget-container>.elementor-spacer{height:100%}.e-con-inner>.elementor-widget-spacer>.elementor-widget-container>.elementor-spacer>.elementor-spacer-inner,.e-con>.elementor-widget-spacer>.elementor-widget-container>.elementor-spacer>.elementor-spacer-inner{height:var(--container-widget-height,var(--spacer-size))}<\/style>\t\t<div class=\"elementor-spacer\">\n\t\t\t<div class=\"elementor-spacer-inner\"><\/div>\n\t\t<\/div>\n\t\t\t\t<\/div>\n\t\t\t\t<\/div>\n\t\t\t\t\t<\/div>\n\t\t<\/div>\n\t\t\t\t\t\t\t<\/div>\n\t\t<\/section>\n\t\t\t\t\t\t\t<\/div>\n\t\t","protected":false},"excerpt":{"rendered":"<p>Notre histoire Laissez-moi vous emmener dans le coeur de notre histoire, une histoire n\u00e9e d&#8217;une conversation passionn\u00e9e entre deux \u00e2mes anim\u00e9es par la compassion et le d\u00e9sir de cr\u00e9er un [&hellip;]<\/p>\n","protected":false},"author":2,"featured_media":0,"parent":0,"menu_order":0,"comment_status":"closed","ping_status":"closed","template":"","meta":{"content-type":"","footnotes":""},"class_list":["post-3833","page","type-page","status-publish","hentry"],"_links":{"self":[{"href":"https:\/\/seoed.org\/index.php\/wp-json\/wp\/v2\/pages\/3833","targetHints":{"allow":["GET"]}}],"collection":[{"href":"https:\/\/seoed.org\/index.php\/wp-json\/wp\/v2\/pages"}],"about":[{"href":"https:\/\/seoed.org\/index.php\/wp-json\/wp\/v2\/types\/page"}],"author":[{"embeddable":true,"href":"https:\/\/seoed.org\/index.php\/wp-json\/wp\/v2\/users\/2"}],"replies":[{"embeddable":true,"href":"https:\/\/seoed.org\/index.php\/wp-json\/wp\/v2\/comments?post=3833"}],"version-history":[{"count":16,"href":"https:\/\/seoed.org\/index.php\/wp-json\/wp\/v2\/pages\/3833\/revisions"}],"predecessor-version":[{"id":4917,"href":"https:\/\/seoed.org\/index.php\/wp-json\/wp\/v2\/pages\/3833\/revisions\/4917"}],"wp:attachment":[{"href":"https:\/\/seoed.org\/index.php\/wp-json\/wp\/v2\/media?parent=3833"}],"curies":[{"name":"wp","href":"https:\/\/api.w.org\/{rel}","templated":true}]}}