{"id":1985,"date":"2016-11-03T10:00:25","date_gmt":"2016-11-03T10:00:25","guid":{"rendered":"http:\/\/kids-club.bold-themes.com\/main-demo\/?page_id=1985"},"modified":"2026-01-17T01:17:20","modified_gmt":"2026-01-17T00:17:20","slug":"home","status":"publish","type":"page","link":"https:\/\/seoed.org\/","title":{"rendered":"Home"},"content":{"rendered":"<section id=\"bt_section69f1e9b92be42\"  class=\"boldSection btDarkSkin inherit\" ><div class=\"port\"><div class=\"boldCell\"><div class=\"boldCellInner\"><div class=\"boldRow \" ><div class=\"boldRowInner\"><div class=\"rowItem col-md-12 col-ms-12  btTextLeft\"  data-width=\"12\"><div class=\"rowItemContent\" ><div class=\"slided autoSliderHeight btSliderHidePaging\"  data-simple_arrows=\"no\"><div class=\"slidedItem firstItem\"  data-thumb=\"https:\/\/seoed.org\/wp-content\/uploads\/2023\/08\/group-3137670_1920-640x427.jpg\"><div class=\"btSliderPort wBackground cover\" style=\"background-image: url('https:\/\/seoed.org\/wp-content\/uploads\/2023\/08\/group-3137670_1920.jpg')\"><div class=\"btSliderCell\" data-slick=\"yes\"><div class=\"btSlideGutter\"><div class=\"btSlidePane\"><div class=\"btClear btSeparator topLargeSpaced bottomSemiSpaced noBorder\" ><hr><\/div><div class=\"btClear btSeparator topSemiSpaced noBorder\" ><hr><\/div><div class=\"btClear btSeparator topSemiSpaced bottomSpaced noBorder visible-xl\" ><hr><\/div><div class=\"boldRow \" ><div class=\"boldRowInner\"><div class=\"rowItem rowInnerItem col-lg-6  btTextLeft\"  ><div class=\"rowItemContent\"><\/div><\/div><div class=\"rowItem rowInnerItem col-lg-6  btTextLeft inherit\"  ><div class=\"rowItemContent\"><header class=\"header btClear extralarge\" ><div class=\"dash\"><h1><span class=\"headline\">Solidarit\u00e9 Entraide aux Orphelins et aux Enfants en D\u00e9tresse<\/span><\/h1><\/div><\/header><div class=\"btText\" ><p>Au travers de parrainages, nous offrons aux enfants vuln\u00e9rables du B\u00e9nin l&#8217;acc\u00e8s \u00e0 une \u00e9ducation, une alimentation et des soins m\u00e9dicaux.<\/p>\n<\/div><div class=\"btClear btSeparator topSemiSpaced noBorder\" ><hr><\/div><a href=\"https:\/\/seoed.org\/index.php\/lassociation\/\" class=\"btBtn btBtn btnFilledStyle btnaccent4Color btnMedium btnNormalWidth btnRightPosition btnNoIcon\" ><span class=\"btnInnerText\">En savoir plus<\/span><\/a><\/div><\/div><\/div><\/div><div class=\"btClear btSeparator topLargeSpaced bottomSemiSpaced noBorder\" ><hr><\/div><\/div><\/div><\/div><\/div><\/div><div class=\"slidedItem firstItem\"  data-thumb=\"https:\/\/seoed.org\/wp-content\/uploads\/2023\/08\/street-2143805_1920-640x427.jpg\"><div class=\"btSliderPort wBackground cover\" style=\"background-image: url('https:\/\/seoed.org\/wp-content\/uploads\/2023\/08\/street-2143805_1920.jpg')\"><div class=\"btSliderCell\" data-slick=\"yes\"><div class=\"btSlideGutter\"><div class=\"btSlidePane\"><div class=\"btClear btSeparator topLargeSpaced bottomSemiSpaced noBorder\" ><hr><\/div><div class=\"btClear btSeparator topSemiSpaced noBorder\" ><hr><\/div><div class=\"btClear btSeparator topSemiSpaced bottomSpaced noBorder visible-xl\" ><hr><\/div><div class=\"boldRow \" ><div class=\"boldRowInner\"><div class=\"rowItem rowInnerItem col-lg-6  btTextLeft\"  ><div class=\"rowItemContent\"><\/div><\/div><div class=\"rowItem rowInnerItem col-lg-6  btTextLeft inherit\"  ><div class=\"rowItemContent\"><header class=\"header btClear extralarge\" ><div class=\"dash\"><h1><span class=\"headline\">Notre mission ne connait pas de faim<\/span><\/h1><\/div><\/header><div class=\"btText\" ><p>Nous r\u00eavons d&#8217;un centre de loisirs vibrant o\u00f9 les enfants peuvent apprendre, jouer et grandir, et d&#8217;un parc d&#8217;attractions rayonnant de rires et de joie.<\/p>\n<\/div><div class=\"btClear btSeparator topSemiSpaced noBorder\" ><hr><\/div><a href=\"https:\/\/seoed.org\/index.php\/les-orphelinats\/\" class=\"btBtn btBtn btnFilledStyle btnaccent3Color btnMedium btnNormalWidth btnRightPosition btnNoIcon\" ><span class=\"btnInnerText\">En savoir plus<\/span><\/a><\/div><\/div><\/div><\/div><div class=\"btClear btSeparator topLargeSpaced bottomSemiSpaced noBorder\" ><hr><\/div><\/div><\/div><\/div><\/div><\/div><div class=\"slidedItem firstItem\"  data-thumb=\"https:\/\/seoed.org\/wp-content\/uploads\/2023\/08\/students-377789_1920-640x425.jpg\"><div class=\"btSliderPort wBackground cover\" style=\"background-image: url('https:\/\/seoed.org\/wp-content\/uploads\/2023\/08\/students-377789_1920.jpg')\"><div class=\"btSliderCell\" data-slick=\"yes\"><div class=\"btSlideGutter\"><div class=\"btSlidePane\"><div class=\"btClear btSeparator topLargeSpaced bottomSemiSpaced noBorder\" ><hr><\/div><div class=\"btClear btSeparator topSemiSpaced noBorder\" ><hr><\/div><div class=\"btClear btSeparator topSemiSpaced bottomSpaced noBorder visible-xl\" ><hr><\/div><div class=\"boldRow \" ><div class=\"boldRowInner\"><div class=\"rowItem rowInnerItem col-lg-6  btTextLeft\"  ><div class=\"rowItemContent\"><\/div><\/div><div class=\"rowItem rowInnerItem col-lg-6  btTextLeft inherit\"  ><div class=\"rowItemContent\"><header class=\"header btClear extralarge\" ><div class=\"dash\"><h1><span class=\"headline\">Main dans la main pour les enfants du B\u00e9nin<\/span><\/h1><\/div><\/header><div class=\"btText\" ><p>Nos actions sont guid\u00e9es par la solidarit\u00e9. Ensemble, nous concr\u00e9tisons ces r\u00eaves et donnons \u00e0 ces enfants la chance de briller.<\/p>\n<\/div><div class=\"btClear btSeparator topSemiSpaced noBorder\" ><hr><\/div><a href=\"https:\/\/seoed.org\/index.php\/nous-aider\/\" class=\"btBtn btBtn btnFilledStyle btnaccent3Color btnMedium btnNormalWidth btnRightPosition btnNoIcon\" ><span class=\"btnInnerText\">En savoir plus<\/span><\/a><\/div><\/div><\/div><\/div><div class=\"btClear btSeparator topLargeSpaced bottomSemiSpaced noBorder\" ><hr><\/div><\/div><\/div><\/div><\/div><\/div><\/div><\/div><\/div><\/div><\/div><\/div><\/div><\/div><\/section><section id=\"bt_section69f1e9b92d39c\"  class=\"boldSection gutter inherit\" style=\"z-index: 2; position: relative; margin-bottom: -60px;\"><div class=\"port\"><div class=\"boldCell\"><div class=\"boldCellInner\"><div class=\"boldRow \" ><div class=\"boldRowInner\"><div class=\"rowItem col-md-12 col-ms-12  btTextLeft btHighlightShadow inherit\" style=\"background-color: rgba(255, 255, 255, 1); \" data-width=\"12\"><div class=\"rowItemContent\" ><div class=\"boldRow \" style=\"margin-top: -60px;\"><div class=\"boldRowInner\"><div class=\"rowItem rowInnerItem col-lg-4  btTextCenter btTopVertical btTextIndent\" style=\"border-top: #49d574 4px solid;\" ><div class=\"rowItemContent\"><div class=\"bpgPhoto \"  style=\"margin: 0 -40px;\"><div class = \"btImage\"><img decoding=\"async\" src=\"https:\/\/seoed.org\/wp-content\/uploads\/2023\/08\/Agnan-Agnan-1024x640.jpg\" alt=\"\" title=\"\"><\/div><\/div><div class=\"btClear btSeparator bottomSemiSpaced noBorder\" ><hr><\/div><header class=\"header btClear large  btHeaderAccent2\" ><div class=\"dash\"><h2><span class=\"headline\">Notre histoire<\/span><\/h2><\/div><\/header><div class=\"btIconImageRow\" ><span class=\"btIco btIcoDefaultType btIcoMediumSize btAccent2Icon\"><span  data-ico-fs=\"&#xe9aa;\" class=\"btIcoHolder\"><\/span><\/span><\/div><div class=\"btClear btSeparator bottomSmallSpaced noBorder\" ><hr><\/div><div class=\"btText\" ><p>Imaginez, en 2023, une conversation passionn\u00e9e entre deux \u00e2mes d\u00e9termin\u00e9es \u00e0 cr\u00e9er un changement significatif dans le monde. C&#8217;est ainsi qu&#8217;est n\u00e9e l&#8217;id\u00e9e de Solidarit\u00e9 &amp; Entraide aux Orphelins et Enfants en D\u00e9tresse, un projet qui \u00e9mane d&#8217;une discussion entre Clarisse et Sandrie. Inspir\u00e9es par leurs actions aupr\u00e8s des orphelinats au Congo et anim\u00e9es par un d\u00e9sir profond de faire une diff\u00e9rence, elles ont trac\u00e9 un chemin vers un avenir meilleur pour les plus vuln\u00e9rables.<\/p>\n<\/div><div class=\"btClear btSeparator bottomSemiSpaced noBorder\" ><hr><\/div><div class=\"btClear btSeparator bottomSpaced noBorder\" ><hr><\/div><\/div><\/div><div class=\"rowItem rowInnerItem col-lg-4  btTextCenter btTopVertical btTextIndent\" style=\"border-top: #fdb157 4px solid;\" ><div class=\"rowItemContent\"><div class=\"bpgPhoto \"  style=\"margin: 0 -40px;\"><div class = \"btImage\"><img decoding=\"async\" src=\"https:\/\/seoed.org\/wp-content\/uploads\/2023\/08\/Manigri-1024x640.jpg\" alt=\"\" title=\"\"><\/div><\/div><div class=\"btClear btSeparator bottomSemiSpaced noBorder\" ><hr><\/div><header class=\"header btClear large  btHeaderAccent3\" ><div class=\"dash\"><h2><span class=\"headline\">Nos objectifs<\/span><\/h2><\/div><\/header><div class=\"btIconImageRow\" ><span class=\"btIco btIcoDefaultType btIcoMediumSize btAccent3Icon\"><span  data-ico-fs=\"&#xe9aa;\" class=\"btIcoHolder\"><\/span><\/span><\/div><div class=\"btClear btSeparator bottomSmallSpaced noBorder\" ><hr><\/div><div class=\"btText\" ><p>Notre principal objectif est de fournir un soutien essentiel aux enfants d\u00e9munis \u00e0 travers des parrainages couvrant leur alimentation, leur \u00e9ducation et leur sant\u00e9. Ces valeurs fondamentales guident chacun de nos pas. Nous sommes engag\u00e9s \u00e0 faire de chaque journ\u00e9e une opportunit\u00e9 pour ces enfants de s&#8217;\u00e9panouir, apprendre et grandir.<\/p>\n<\/div><div class=\"btClear btSeparator bottomSemiSpaced noBorder\" ><hr><\/div><div class=\"btClear btSeparator bottomSpaced noBorder\" ><hr><\/div><\/div><\/div><div class=\"rowItem rowInnerItem col-lg-4  btTextCenter btTopVertical btTextIndent\" style=\"border-top: #ff6b6d 4px solid;\" ><div class=\"rowItemContent\"><div class=\"bpgPhoto \"  style=\"margin: 0 -40px;\"><div class = \"btImage\"><img decoding=\"async\" src=\"https:\/\/seoed.org\/wp-content\/uploads\/2023\/08\/Segbana-1008x640.jpg\" alt=\"\" title=\"\"><\/div><\/div><div class=\"btClear btSeparator bottomSemiSpaced noBorder\" ><hr><\/div><header class=\"header btClear large  btHeaderAccent4\" ><div class=\"dash\"><h2><span class=\"headline\">Nos missions<\/span><\/h2><\/div><\/header><div class=\"btIconImageRow\" ><span class=\"btIco btIcoDefaultType btIcoMediumSize btAccent4Icon\"><span  data-ico-fs=\"&#xe9aa;\" class=\"btIcoHolder\"><\/span><\/span><\/div><div class=\"btClear btSeparator bottomSmallSpaced noBorder\" ><hr><\/div><div class=\"btText\" ><p>L&#8217;un des pivots de notre vision est la cr\u00e9ation d&#8217;un centre de loisirs, un havre de rires et d&#8217;apprentissage pendant les p\u00e9riodes de vacances. Ce lieu magique accueillera des dizaines d&#8217;enfants, offrant des ateliers \u00e9ducatifs, une biblioth\u00e8que riche en aventures, un terrain de jeu pour renforcer les liens, et bien plus encore. Ce n&#8217;est pas seulement un endroit, mais un symbole d&#8217;espoir pour un avenir meilleur.<\/p>\n<\/div><div class=\"btClear btSeparator bottomSemiSpaced noBorder\" ><hr><\/div><div class=\"btClear btSeparator bottomSpaced noBorder\" ><hr><\/div><\/div><\/div><\/div><\/div><\/div><\/div><\/div><\/div><\/div><\/div><\/div><\/section><section id=\"bt_section69f1e9b92dfc4\"  class=\"boldSection btDarkSkin inherit\" style=\"background-color: transparent; z-index: 1; position: relative;\"><div class=\"port\"><div class=\"boldCell\"><div class=\"boldCellInner\"><div class=\"boldRow \" ><div class=\"boldRowInner\"><div class=\"rowItem col-md-3 col-sm-6 col-ms-12 btTextCenter animate animate-fadein animate-moveup btMiddleVertical btTextIndent wBackground cover\" style=\"background-image: url(https:\/\/seoed.org\/wp-content\/uploads\/2023\/08\/Tchatchou.jpg);background-color: rgba(73, 213, 116, 1); \" data-width=\"3\"><div class=\"rowItemContent\" ><div class=\"btClear btSeparator topSpaced bottomLargeSpaced noBorder\" ><hr><\/div><header class=\"header btClear extralarge\" ><div class=\"dash\"><h1><span class=\"headline\">Protection de l&#8217;enfance<\/span><\/h1><\/div><\/header><div class=\"btClear btSeparator bottomSemiSpaced border\" ><hr><\/div><div class=\"btText\" ><p>L\u2019association veut incarner dans le don de soi, le courage et l\u2019amour au service de tous les \u00eatres et tout sp\u00e9cialement de l\u2019enfance<\/p>\n<\/div><div class=\"btClear btSeparator topSmallSpaced bottomSemiSpaced noBorder\" ><hr><\/div><a href=\"https:\/\/seoed.org\/index.php\/journee-olympique\/\" class=\"btBtn btBtn btnFilledStyle btndefaultColor btnMedium btnNormalWidth btnRightPosition btnNoIcon\" ><span class=\"btnInnerText\">En savoir plus<\/span><\/a><div class=\"btClear btSeparator bottomSpaced noBorder\" ><hr><\/div><\/div><\/div><div class=\"rowItem col-md-3 col-sm-6 col-ms-12 btTextCenter animate animate-fadein animate-moveup btMiddleVertical btTextIndent wBackground cover\" style=\"background-image: url(https:\/\/seoed.org\/wp-content\/uploads\/2025\/11\/IMG-20230127-WA0026.jpg);background-color: rgba(253, 177, 87, 1); \" data-width=\"3\"><div class=\"rowItemContent\" ><div class=\"btClear btSeparator topSpaced bottomLargeSpaced noBorder\" ><hr><\/div><header class=\"header btClear extralarge\" ><div class=\"dash\"><h1><span class=\"headline\">Protection de l&#8217;environnement\r<br><\/span><\/h1><\/div><\/header><div class=\"btClear btSeparator bottomSemiSpaced border\" ><hr><\/div><div class=\"btText\" ><p>Prot\u00e9ger la nature et ses \u00e9cosyst\u00e8mes, offrir le meilleur des mondes aux adultes de demain<\/p>\n<\/div><div class=\"btClear btSeparator topSmallSpaced bottomSemiSpaced noBorder\" ><hr><\/div><a href=\"https:\/\/seoed.org\/index.php\/faire-un-don\/\" class=\"btBtn btBtn btnFilledStyle btndefaultColor btnMedium btnNormalWidth btnRightPosition btnNoIcon\" ><span class=\"btnInnerText\">En savoir plus<\/span><\/a><div class=\"btClear btSeparator bottomSpaced noBorder\" ><hr><\/div><\/div><\/div><div class=\"rowItem col-md-3 col-sm-6 col-ms-12 btTextCenter animate animate-fadein animate-moveup btMiddleVertical btTextIndent wBackground cover\" style=\"background-image: url(https:\/\/seoed.org\/wp-content\/uploads\/2025\/11\/IMG-20230126-WA0056.jpg);background-color: rgba(91, 168, 253, 1); \" data-width=\"3\"><div class=\"rowItemContent\" ><div class=\"btClear btSeparator topSpaced bottomLargeSpaced noBorder\" ><hr><\/div><header class=\"header btClear extralarge\" ><div class=\"dash\"><h1><span class=\"headline\">R\u00e9aliser les r\u00eaves des enfants<\/span><\/h1><\/div><\/header><div class=\"btClear btSeparator bottomSemiSpaced border\" ><hr><\/div><div class=\"btText\" ><p>Porter l\u2019esp\u00e9rance, oser le regard de l\u2019amour, rendre la joie et le sourire aux enfants<\/p>\n<\/div><div class=\"btClear btSeparator topSmallSpaced bottomSemiSpaced noBorder\" ><hr><\/div><a href=\"https:\/\/seoed.org\/index.php\/ou-vont-vos-dons\/\" class=\"btBtn btBtn btnFilledStyle btndefaultColor btnMedium btnNormalWidth btnRightPosition btnNoIcon\" ><span class=\"btnInnerText\">En savoir plus<\/span><\/a><div class=\"btClear btSeparator bottomSpaced noBorder\" ><hr><\/div><\/div><\/div><div class=\"rowItem col-md-3 col-sm-6 col-ms-12 btTextCenter animate animate-fadein animate-moveup btMiddleVertical btTextIndent wBackground cover\" style=\"background-image: url(https:\/\/seoed.org\/wp-content\/uploads\/2025\/11\/IMG-20191230-WA0013.jpg);background-color: rgba(255, 107, 109, 1); \" data-width=\"3\"><div class=\"rowItemContent\" ><div class=\"btClear btSeparator topSpaced bottomLargeSpaced noBorder\" ><hr><\/div><header class=\"header btClear extralarge\" ><div class=\"dash\"><h1><span class=\"headline\">Soutien aux orphelinats<\/span><\/h1><\/div><\/header><div class=\"btClear btSeparator bottomSemiSpaced border\" ><hr><\/div><div class=\"btText\" ><p>Les orphelinats fonctionnent par leurs propres moyens pour la plupart et pour d\u2019autres, ils sont soutenus financi\u00e8rement par des dons<\/p>\n<\/div><div class=\"btClear btSeparator topSmallSpaced bottomSemiSpaced noBorder\" ><hr><\/div><a href=\"https:\/\/seoed.org\/index.php\/les-orphelinats\/\" class=\"btBtn btBtn btnFilledStyle btndefaultColor btnMedium btnNormalWidth btnRightPosition btnNoIcon\" ><span class=\"btnInnerText\">En savoir plus<\/span><\/a><div class=\"btClear btSeparator bottomSpaced noBorder\" ><hr><\/div><\/div><\/div><\/div><\/div><\/div><\/div><\/div><\/section><section id=\"bt_section69f1e9b92eeb4\" data-parallax=\"0.5\" data-parallax-offset=\"0\" class=\"boldSection topSpaced bottomSpaced gutter inherit btParallax wBackground cover\" style=\"background-color:#eaebeb;background-image:url('https:\/\/seoed.org\/wp-content\/uploads\/2023\/08\/preschool-06-new.jpg');\"><div class=\"port\"><div class=\"boldCell\"><div class=\"boldCellInner\"><div class=\"boldRow \" ><div class=\"boldRowInner\"><div class=\"rowItem btRightBorder col-md-6 col-sm-12 btTextRight animate animate-fadein animate-moveright btMiddleVertical\"  data-width=\"6\"><div class=\"rowItemContent\" ><div class=\"btClear btSeparator topSemiSpaced noBorder\" ><hr><\/div><header class=\"header btClear extralarge\" ><div class=\"dash\"><h1><span class=\"headline\">Vous souhaitez soutenir notre action ?<\/span><\/h1><\/div><\/header><\/div><\/div><div class=\"rowItem col-md-6 col-sm-12 btTextLeft animate animate-fadein animate-moveleft btMiddleVertical\"  data-width=\"6\"><div class=\"rowItemContent\" ><div class=\"btText\" ><p>Chaque don que vous faites est une pierre pr\u00e9cieuse qui contribue \u00e0 \u00e9riger des fondations solides pour un avenir plus radieux. Chez Solidarit\u00e9 &amp; Entraide aux Orphelins et Enfants en D\u00e9tresse, la transparence est notre guide, et nous croyons que chaque centime compte.<\/p>\n<\/div><div class=\"btClear btSeparator topSemiSpaced noBorder\" ><hr><\/div><div class=\"boldRow \" ><div class=\"boldRowInner\"><div class=\"rowItem rowInnerItem col-lg-12  btTextLeft\"  ><div class=\"rowItemContent\"><a href=\"https:\/\/www.we-solidaire.com\/fr\/collecte\/seoed-solidarite-entraide-aux-orphelins-et-enfants-en-detresse\" class=\"btBtn btBtn btnFilledStyle btnaccent2Color btnMedium btnFullWidth btnRightPosition btnNoIcon\" ><span class=\"btnInnerText\">FAIRE UN DON<\/span><\/a><div class=\"btClear btSeparator topSmallSpaced noBorder\" ><hr><\/div><\/div><\/div><\/div><\/div><\/div><\/div><\/div><\/div><\/div><\/div><\/div><\/section><section id=\"bt_section69f1e9b92f0ea\"  class=\"boldSection topLargeSpaced bottomLargeSpaced gutter inherit\" ><div class=\"port\"><div class=\"boldCell\"><div class=\"boldCellInner\"><div class=\"boldRow \" ><div class=\"boldRowInner\"><div class=\"rowItem col-md-2  col-sm-4 col-ms-12 btTextLeft\"  data-width=\"2\"><div class=\"rowItemContent\" ><\/div><\/div><div class=\"rowItem col-md-8 col-ms-12 btTextCenter animate animate-fadein inherit\"  data-width=\"8\"><div class=\"rowItemContent\" ><header class=\"header btClear extralarge  btHeaderAccent2\" ><div class=\"dash\"><h1><span class=\"headline\">Nos actualit\u00e9s<\/span><\/h1><\/div><\/header><\/div><\/div><div class=\"rowItem col-md-2  col-sm-4 col-ms-12 btTextLeft\"  data-width=\"2\"><div class=\"rowItemContent\" ><\/div><\/div><\/div><\/div><div class=\"boldRow \" ><div class=\"boldRowInner\"><div class=\"rowItem col-md-12 col-ms-12  btTextLeft\"  data-width=\"12\"><div class=\"rowItemContent\" ><div class=\"btClear btSeparator topSemiSpaced bottomSpaced border\" ><hr><\/div><div class=\"btLatestPostsContainer horizontalPosts \" >\n\t\t\t\t<div class=\"btSingleLatestPost col-sm-4 col-ms-12  inherit\"><div class=\"btSingleLatestPostImage btTextCenter\"><div class=\"bpgPhoto \" > \r\n\t\t\t\t\t<a href=\"https:\/\/seoed.org\/index.php\/2023\/08\/14\/welcome\/\" target=\"_self\" title=\"\"><\/a>\r\n\t\t\t\t\t<div class=\"boldPhotoBox\"><div class=\"bpbItem\"><div class = \"btImage\"><img decoding=\"async\" src=\"https:\/\/seoed.org\/wp-content\/uploads\/2023\/08\/947679e5-8ce2-4c07-90f1-22ff8323382e1-1280x640.jpg\" alt=\"\" title=\"\"><\/div><\/div><\/div>\r\n\t\t\t\t\t<div class=\"captionPane btDarkSkin btTextCenter\">\r\n\t\t\t\t\t\t<div class=\"captionTable\">\r\n\t\t\t\t\t\t\t<div class=\"captionCell\">\r\n\t\t\t\t\t\t\t\t<div class=\"captionTxt\"><\/div>\r\n\t\t\t\t\t\t\t<\/div>\r\n\t\t\t\t\t\t<\/div>\r\n\t\t\t\t\t<\/div><\/div><\/div><div class = \"btSingleLatestPostContent\">\n\t\t\t\t\t\t<header class=\"header btClear small btDash bottomDash\" ><div class=\"dash\"><h4><span class=\"headline\"><a href=\"https:\/\/seoed.org\/index.php\/2023\/08\/14\/welcome\/\" target=\"_self\">1\u00e8re \u00e9dition de la JSOEV !<\/a><\/span><\/h4><\/div><div class=\"btSubTitle\"><span class=\"btArticleDate\">14 August 2023<\/span><a href=\"https:\/\/seoed.org\/index.php\/author\/admin9665\/\" class=\"btArticleAuthor\">by admin9665<\/a><\/div><\/header>\n\t\t\t\t<p class=\"btLatestPostContent\">JSOEV 2023 \u2013 Une Premi\u00e8re \u00c9dition M\u00e9morable \u00e0 Cotonou La premi\u00e8re \u00e9dition de la JSOEV s\u2019est tenue le 15 ao\u00fbt 2023 \u00e0 Cotonou, au Stade de l&#8217;Amiti\u00e9, de 9h \u00e0 [&hellip;]<\/p>\n\t\t\t\t\t<\/div>\n\t\t\t\t<\/div>\n\t\t\t\t<div class=\"btSingleLatestPost col-sm-4 col-ms-12  inherit\"><div class=\"btSingleLatestPostImage btTextCenter\"><div class=\"bpgPhoto \" > \r\n\t\t\t\t\t<a href=\"https:\/\/seoed.org\/index.php\/2023\/08\/14\/hello\/\" target=\"_self\" title=\"\"><\/a>\r\n\t\t\t\t\t<div class=\"boldPhotoBox\"><div class=\"bpbItem\"><div class = \"btImage\"><img decoding=\"async\" src=\"https:\/\/seoed.org\/wp-content\/uploads\/2023\/08\/IMG-20230126-WA0098-1008x640.jpg\" alt=\"\" title=\"\"><\/div><\/div><\/div>\r\n\t\t\t\t\t<div class=\"captionPane btDarkSkin btTextCenter\">\r\n\t\t\t\t\t\t<div class=\"captionTable\">\r\n\t\t\t\t\t\t\t<div class=\"captionCell\">\r\n\t\t\t\t\t\t\t\t<div class=\"captionTxt\"><\/div>\r\n\t\t\t\t\t\t\t<\/div>\r\n\t\t\t\t\t\t<\/div>\r\n\t\t\t\t\t<\/div><\/div><\/div><div class = \"btSingleLatestPostContent\">\n\t\t\t\t\t\t<header class=\"header btClear small btDash bottomDash\" ><div class=\"dash\"><h4><span class=\"headline\"><a href=\"https:\/\/seoed.org\/index.php\/2023\/08\/14\/hello\/\" target=\"_self\">Hello<\/a><\/span><\/h4><\/div><div class=\"btSubTitle\"><span class=\"btArticleDate\">14 August 2023<\/span><a href=\"https:\/\/seoed.org\/index.php\/author\/admin9665\/\" class=\"btArticleAuthor\">by admin9665<\/a><\/div><\/header>\n\t\t\t\t<p class=\"btLatestPostContent\">Hi welcome back<\/p>\n\t\t\t\t\t<\/div>\n\t\t\t\t<\/div><\/div><\/div><\/div><\/div><\/div><\/div><\/div><\/div><\/section>","protected":false},"excerpt":{"rendered":"","protected":false},"author":3,"featured_media":0,"parent":0,"menu_order":0,"comment_status":"closed","ping_status":"closed","template":"","meta":{"content-type":"","footnotes":""},"class_list":["post-1985","page","type-page","status-publish","hentry"],"_links":{"self":[{"href":"https:\/\/seoed.org\/index.php\/wp-json\/wp\/v2\/pages\/1985","targetHints":{"allow":["GET"]}}],"collection":[{"href":"https:\/\/seoed.org\/index.php\/wp-json\/wp\/v2\/pages"}],"about":[{"href":"https:\/\/seoed.org\/index.php\/wp-json\/wp\/v2\/types\/page"}],"author":[{"embeddable":true,"href":"https:\/\/seoed.org\/index.php\/wp-json\/wp\/v2\/users\/3"}],"replies":[{"embeddable":true,"href":"https:\/\/seoed.org\/index.php\/wp-json\/wp\/v2\/comments?post=1985"}],"version-history":[{"count":28,"href":"https:\/\/seoed.org\/index.php\/wp-json\/wp\/v2\/pages\/1985\/revisions"}],"predecessor-version":[{"id":5180,"href":"https:\/\/seoed.org\/index.php\/wp-json\/wp\/v2\/pages\/1985\/revisions\/5180"}],"wp:attachment":[{"href":"https:\/\/seoed.org\/index.php\/wp-json\/wp\/v2\/media?parent=1985"}],"curies":[{"name":"wp","href":"https:\/\/api.w.org\/{rel}","templated":true}]}}